{"id":997,"date":"2016-04-08T16:56:57","date_gmt":"2016-04-08T16:56:57","guid":{"rendered":"http:\/\/rosanabraga.com.br\/2017\/?post_type=product&#038;p=997"},"modified":"2016-04-08T16:56:57","modified_gmt":"2016-04-08T16:56:57","slug":"dvd-inteligencia-afetiva-volume-1","status":"publish","type":"product","link":"https:\/\/rosanabraga.com.br\/2017\/produto\/dvd-inteligencia-afetiva-volume-1\/","title":{"rendered":"DVD: Intelig\u00eancia Afetiva \u2013 Volume 1"},"content":{"rendered":"<p>V\u00cdDEO TREINAMENTO<br \/>\nId\u00e9ias e solu\u00e7\u00f5es acess\u00edveis para contornar desafios emocionais e conquistar amadurecimento afetivo.<\/p>\n<p>Descri\u00e7\u00e3o<br \/>\nOs relacionamentos s\u00e3o as experi\u00eancias mais valiosas da vida. Estamos o tempo todo interagindo com amigos, fam\u00edlia, parceiros e at\u00e9 mesmo com in\u00fameros desconhecidos. Mas ser\u00e1 que temos conseguido extrair o melhor que esses encontros t\u00eam a nos oferecer? Os v\u00eddeos da cole\u00e7\u00e3o Intelig\u00eancia Afetiva, desenvolvidos e apresentados por Rosana Braga, s\u00e3o um convite a essa reflex\u00e3o. Descubra o papel do afeto no desenvolvimento de sua intelig\u00eancia, confira os 7 passos para o amadurecimento emocional, conhe\u00e7a as caracter\u00edsticas das pessoas afetivamente inteligentes e aprenda, a partir de exemplos elucidativos, a criar rela\u00e7\u00f5es muito mais promissoras e harmoniosas.<br \/>\nPasso a passo para:<br \/>\n&#8211; Amadurecer emocionalmente sem perder sua ess\u00eancia<br \/>\n&#8211; Expressar os sentimentos positivamente em todos os setores da vida<br \/>\n&#8211; Construir rela\u00e7\u00f5es verdadeiras e saud\u00e1veis<br \/>\n&#8211; Lidar com situa\u00e7\u00f5es dif\u00edceis e sentimentos negativos<\/p>\n<p>Dura\u00e7\u00e3o: 50 min.<\/p>\n","protected":false},"excerpt":{"rendered":"<p>V\u00cdDEO TREINAMENTO Id\u00e9ias e solu\u00e7\u00f5es acess\u00edveis para contornar desafios emocionais e conquistar amadurecimento afetivo. Descri\u00e7\u00e3o Os relacionamentos s\u00e3o as experi\u00eancias mais valiosas da vida. Estamos o tempo todo interagindo com amigos, fam\u00edlia, parceiros e at\u00e9 mesmo com in\u00fameros desconhecidos. Mas ser\u00e1 que temos conseguido extrair&#8230;<\/p>\n","protected":false},"featured_media":986,"comment_status":"open","ping_status":"closed","template":"","meta":{"_exactmetrics_skip_tracking":false,"_exactmetrics_sitenote_active":false,"_exactmetrics_sitenote_note":"","_exactmetrics_sitenote_category":0},"product_brand":[],"product_cat":[39],"product_tag":[49,42,47,48],"class_list":{"0":"post-997","1":"product","2":"type-product","3":"status-publish","4":"has-post-thumbnail","6":"product_cat-dvds-e-cds","7":"product_tag-afetiva","8":"product_tag-amor","9":"product_tag-dvd","10":"product_tag-inteligencia","12":"first","13":"instock","14":"shipping-taxable","15":"purchasable","16":"product-type-simple"},"yoast_head":"<!-- This site is optimized with the Yoast SEO plugin v24.2 - https:\/\/yoast.com\/wordpress\/plugins\/seo\/ -->\n<title>DVD: Intelig\u00eancia Afetiva \u2013 Volume 1 - Rosana Braga<\/title>\n<meta name=\"robots\" content=\"index, follow, max-snippet:-1, max-image-preview:large, max-video-preview:-1\" \/>\n<link rel=\"canonical\" href=\"http:\/\/rosanabraga.com.br\/2017\/produto\/dvd-inteligencia-afetiva-volume-1\/\" \/>\n<meta property=\"og:locale\" content=\"pt_BR\" \/>\n<meta property=\"og:type\" content=\"article\" \/>\n<meta property=\"og:title\" content=\"DVD: Intelig\u00eancia Afetiva \u2013 Volume 1 - Rosana Braga\" \/>\n<meta property=\"og:description\" content=\"V\u00cdDEO TREINAMENTO Id\u00e9ias e solu\u00e7\u00f5es acess\u00edveis para contornar desafios emocionais e conquistar amadurecimento afetivo. Descri\u00e7\u00e3o Os relacionamentos s\u00e3o as experi\u00eancias mais valiosas da vida. Estamos o tempo todo interagindo com amigos, fam\u00edlia, parceiros e at\u00e9 mesmo com in\u00fameros desconhecidos. Mas ser\u00e1 que temos conseguido extrair...\" \/>\n<meta property=\"og:url\" content=\"http:\/\/rosanabraga.com.br\/2017\/produto\/dvd-inteligencia-afetiva-volume-1\/\" \/>\n<meta property=\"og:site_name\" content=\"Rosana Braga\" \/>\n<meta property=\"og:image\" content=\"http:\/\/rosanabraga.com.br\/2017\/wp-content\/uploads\/2016\/04\/Inteligencia-afetiva-1.png\" \/>\n\t<meta property=\"og:image:width\" content=\"1000\" \/>\n\t<meta property=\"og:image:height\" content=\"1000\" \/>\n\t<meta property=\"og:image:type\" content=\"image\/png\" \/>\n<meta name=\"twitter:card\" content=\"summary_large_image\" \/>\n<meta name=\"twitter:label1\" content=\"Est. tempo de leitura\" \/>\n\t<meta name=\"twitter:data1\" content=\"1 minuto\" \/>\n<script type=\"application\/ld+json\" class=\"yoast-schema-graph\">{\"@context\":\"https:\/\/schema.org\",\"@graph\":[{\"@type\":\"WebPage\",\"@id\":\"http:\/\/rosanabraga.com.br\/2017\/produto\/dvd-inteligencia-afetiva-volume-1\/\",\"url\":\"http:\/\/rosanabraga.com.br\/2017\/produto\/dvd-inteligencia-afetiva-volume-1\/\",\"name\":\"DVD: Intelig\u00eancia Afetiva \u2013 Volume 1 - Rosana Braga\",\"isPartOf\":{\"@id\":\"https:\/\/rosanabraga.com.br\/2017\/#website\"},\"primaryImageOfPage\":{\"@id\":\"http:\/\/rosanabraga.com.br\/2017\/produto\/dvd-inteligencia-afetiva-volume-1\/#primaryimage\"},\"image\":{\"@id\":\"http:\/\/rosanabraga.com.br\/2017\/produto\/dvd-inteligencia-afetiva-volume-1\/#primaryimage\"},\"thumbnailUrl\":\"https:\/\/rosanabraga.com.br\/2017\/wp-content\/uploads\/2016\/04\/Inteligencia-afetiva-1.png\",\"datePublished\":\"2016-04-08T16:56:57+00:00\",\"dateModified\":\"2016-04-08T16:56:57+00:00\",\"breadcrumb\":{\"@id\":\"http:\/\/rosanabraga.com.br\/2017\/produto\/dvd-inteligencia-afetiva-volume-1\/#breadcrumb\"},\"inLanguage\":\"pt-BR\",\"potentialAction\":[{\"@type\":\"ReadAction\",\"target\":[\"http:\/\/rosanabraga.com.br\/2017\/produto\/dvd-inteligencia-afetiva-volume-1\/\"]}]},{\"@type\":\"ImageObject\",\"inLanguage\":\"pt-BR\",\"@id\":\"http:\/\/rosanabraga.com.br\/2017\/produto\/dvd-inteligencia-afetiva-volume-1\/#primaryimage\",\"url\":\"https:\/\/rosanabraga.com.br\/2017\/wp-content\/uploads\/2016\/04\/Inteligencia-afetiva-1.png\",\"contentUrl\":\"https:\/\/rosanabraga.com.br\/2017\/wp-content\/uploads\/2016\/04\/Inteligencia-afetiva-1.png\",\"width\":1000,\"height\":1000},{\"@type\":\"BreadcrumbList\",\"@id\":\"http:\/\/rosanabraga.com.br\/2017\/produto\/dvd-inteligencia-afetiva-volume-1\/#breadcrumb\",\"itemListElement\":[{\"@type\":\"ListItem\",\"position\":1,\"name\":\"In\u00edcio\",\"item\":\"https:\/\/rosanabraga.com.br\/2017\/\"},{\"@type\":\"ListItem\",\"position\":2,\"name\":\"Produtos\",\"item\":\"http:\/\/rosanabraga.com.br\/2017\/shop\/\"},{\"@type\":\"ListItem\",\"position\":3,\"name\":\"DVD: Intelig\u00eancia Afetiva \u2013 Volume 1\"}]},{\"@type\":\"WebSite\",\"@id\":\"https:\/\/rosanabraga.com.br\/2017\/#website\",\"url\":\"https:\/\/rosanabraga.com.br\/2017\/\",\"name\":\"Rosana Braga\",\"description\":\"Relacionamento e Autoestima\",\"potentialAction\":[{\"@type\":\"SearchAction\",\"target\":{\"@type\":\"EntryPoint\",\"urlTemplate\":\"https:\/\/rosanabraga.com.br\/2017\/?s={search_term_string}\"},\"query-input\":{\"@type\":\"PropertyValueSpecification\",\"valueRequired\":true,\"valueName\":\"search_term_string\"}}],\"inLanguage\":\"pt-BR\"}]}<\/script>\n<!-- \/ Yoast SEO plugin. -->","yoast_head_json":{"title":"DVD: Intelig\u00eancia Afetiva \u2013 Volume 1 - Rosana Braga","robots":{"index":"index","follow":"follow","max-snippet":"max-snippet:-1","max-image-preview":"max-image-preview:large","max-video-preview":"max-video-preview:-1"},"canonical":"http:\/\/rosanabraga.com.br\/2017\/produto\/dvd-inteligencia-afetiva-volume-1\/","og_locale":"pt_BR","og_type":"article","og_title":"DVD: Intelig\u00eancia Afetiva \u2013 Volume 1 - Rosana Braga","og_description":"V\u00cdDEO TREINAMENTO Id\u00e9ias e solu\u00e7\u00f5es acess\u00edveis para contornar desafios emocionais e conquistar amadurecimento afetivo. Descri\u00e7\u00e3o Os relacionamentos s\u00e3o as experi\u00eancias mais valiosas da vida. Estamos o tempo todo interagindo com amigos, fam\u00edlia, parceiros e at\u00e9 mesmo com in\u00fameros desconhecidos. Mas ser\u00e1 que temos conseguido extrair...","og_url":"http:\/\/rosanabraga.com.br\/2017\/produto\/dvd-inteligencia-afetiva-volume-1\/","og_site_name":"Rosana Braga","og_image":[{"width":1000,"height":1000,"url":"http:\/\/rosanabraga.com.br\/2017\/wp-content\/uploads\/2016\/04\/Inteligencia-afetiva-1.png","type":"image\/png"}],"twitter_card":"summary_large_image","twitter_misc":{"Est. tempo de leitura":"1 minuto"},"schema":{"@context":"https:\/\/schema.org","@graph":[{"@type":"WebPage","@id":"http:\/\/rosanabraga.com.br\/2017\/produto\/dvd-inteligencia-afetiva-volume-1\/","url":"http:\/\/rosanabraga.com.br\/2017\/produto\/dvd-inteligencia-afetiva-volume-1\/","name":"DVD: Intelig\u00eancia Afetiva \u2013 Volume 1 - Rosana Braga","isPartOf":{"@id":"https:\/\/rosanabraga.com.br\/2017\/#website"},"primaryImageOfPage":{"@id":"http:\/\/rosanabraga.com.br\/2017\/produto\/dvd-inteligencia-afetiva-volume-1\/#primaryimage"},"image":{"@id":"http:\/\/rosanabraga.com.br\/2017\/produto\/dvd-inteligencia-afetiva-volume-1\/#primaryimage"},"thumbnailUrl":"https:\/\/rosanabraga.com.br\/2017\/wp-content\/uploads\/2016\/04\/Inteligencia-afetiva-1.png","datePublished":"2016-04-08T16:56:57+00:00","dateModified":"2016-04-08T16:56:57+00:00","breadcrumb":{"@id":"http:\/\/rosanabraga.com.br\/2017\/produto\/dvd-inteligencia-afetiva-volume-1\/#breadcrumb"},"inLanguage":"pt-BR","potentialAction":[{"@type":"ReadAction","target":["http:\/\/rosanabraga.com.br\/2017\/produto\/dvd-inteligencia-afetiva-volume-1\/"]}]},{"@type":"ImageObject","inLanguage":"pt-BR","@id":"http:\/\/rosanabraga.com.br\/2017\/produto\/dvd-inteligencia-afetiva-volume-1\/#primaryimage","url":"https:\/\/rosanabraga.com.br\/2017\/wp-content\/uploads\/2016\/04\/Inteligencia-afetiva-1.png","contentUrl":"https:\/\/rosanabraga.com.br\/2017\/wp-content\/uploads\/2016\/04\/Inteligencia-afetiva-1.png","width":1000,"height":1000},{"@type":"BreadcrumbList","@id":"http:\/\/rosanabraga.com.br\/2017\/produto\/dvd-inteligencia-afetiva-volume-1\/#breadcrumb","itemListElement":[{"@type":"ListItem","position":1,"name":"In\u00edcio","item":"https:\/\/rosanabraga.com.br\/2017\/"},{"@type":"ListItem","position":2,"name":"Produtos","item":"http:\/\/rosanabraga.com.br\/2017\/shop\/"},{"@type":"ListItem","position":3,"name":"DVD: Intelig\u00eancia Afetiva \u2013 Volume 1"}]},{"@type":"WebSite","@id":"https:\/\/rosanabraga.com.br\/2017\/#website","url":"https:\/\/rosanabraga.com.br\/2017\/","name":"Rosana Braga","description":"Relacionamento e Autoestima","potentialAction":[{"@type":"SearchAction","target":{"@type":"EntryPoint","urlTemplate":"https:\/\/rosanabraga.com.br\/2017\/?s={search_term_string}"},"query-input":{"@type":"PropertyValueSpecification","valueRequired":true,"valueName":"search_term_string"}}],"inLanguage":"pt-BR"}]}},"_links":{"self":[{"href":"https:\/\/rosanabraga.com.br\/2017\/wp-json\/wp\/v2\/product\/997","targetHints":{"allow":["GET"]}}],"collection":[{"href":"https:\/\/rosanabraga.com.br\/2017\/wp-json\/wp\/v2\/product"}],"about":[{"href":"https:\/\/rosanabraga.com.br\/2017\/wp-json\/wp\/v2\/types\/product"}],"replies":[{"embeddable":true,"href":"https:\/\/rosanabraga.com.br\/2017\/wp-json\/wp\/v2\/comments?post=997"}],"wp:featuredmedia":[{"embeddable":true,"href":"https:\/\/rosanabraga.com.br\/2017\/wp-json\/wp\/v2\/media\/986"}],"wp:attachment":[{"href":"https:\/\/rosanabraga.com.br\/2017\/wp-json\/wp\/v2\/media?parent=997"}],"wp:term":[{"taxonomy":"product_brand","embeddable":true,"href":"https:\/\/rosanabraga.com.br\/2017\/wp-json\/wp\/v2\/product_brand?post=997"},{"taxonomy":"product_cat","embeddable":true,"href":"https:\/\/rosanabraga.com.br\/2017\/wp-json\/wp\/v2\/product_cat?post=997"},{"taxonomy":"product_tag","embeddable":true,"href":"https:\/\/rosanabraga.com.br\/2017\/wp-json\/wp\/v2\/product_tag?post=997"}],"curies":[{"name":"wp","href":"https:\/\/api.w.org\/{rel}","templated":true}]}}