{"id":996,"date":"2016-04-08T16:26:17","date_gmt":"2016-04-08T16:26:17","guid":{"rendered":"http:\/\/rosanabraga.com.br\/2017\/?post_type=product&#038;p=996"},"modified":"2016-04-08T17:17:26","modified_gmt":"2016-04-08T17:17:26","slug":"dvd-inteligencia-afetiva-volume-2","status":"publish","type":"product","link":"https:\/\/rosanabraga.com.br\/2017\/produto\/dvd-inteligencia-afetiva-volume-2\/","title":{"rendered":"DVD: Intelig\u00eancia Afetiva \u2013 Volume 2"},"content":{"rendered":"<p>V\u00cdDEO TREINAMENTO<br \/>\nA ferramenta que voc\u00ea precisa para se tornar uma pessoa mais completa e acumular vit\u00f3rias em todas as \u00e1reas da vida: social, profissional e pessoal.<br \/>\nUma palestra em v\u00eddeo, din\u00e2mica e envolvente, que vai transformar sua forma de se relacionar!<br \/>\nCom as videoaulas da cole\u00e7\u00e3o Intelig\u00eancia Afetiva, desenvolvidas e apresentadas por Rosana Braga, voc\u00ea ir\u00e1 mergulhar fundo no universo do gerenciamento das emo\u00e7\u00f5es e descobrir\u00e1, em pouco tempo, como se tornar uma pessoa transparente, bem-sucedida e, acima de tudo, respeitada. A partir de conselhos certeiros, solu\u00e7\u00f5es criativas e exemplos pr\u00e1ticos, voc\u00ea aprender\u00e1 a utilizar todo o seu potencial para extrair sempre o melhor de cada relacionamento. N\u00e3o perca, neste volume: estrat\u00e9gias direcionadas para ambiente de trabalho, amizade e rela\u00e7\u00f5es di\u00e1rias.<br \/>\n&#8211; Descubra como transformar o afeto em um poderoso aliado<br \/>\n&#8211; Melhore a comunica\u00e7\u00e3o e conquiste o respeito alheio naturalmente<br \/>\n&#8211; Aprenda a lidar com sentimentos e pessoas negativas<br \/>\n&#8211; Saiba como contornar saias-justas com seguran\u00e7a e desembara\u00e7o<br \/>\n&#8211; Mude de atitude e torne-se uma pessoa \u201cgostosa\u201d, segundo a autora.<\/p>\n<p>Dura\u00e7\u00e3o: 50 min.<\/p>\n","protected":false},"excerpt":{"rendered":"<p>V\u00cdDEO TREINAMENTO A ferramenta que voc\u00ea precisa para se tornar uma pessoa mais completa e acumular vit\u00f3rias em todas as \u00e1reas da vida: social, profissional e pessoal. Uma palestra em v\u00eddeo, din\u00e2mica e envolvente, que vai transformar sua forma de se relacionar! Com as videoaulas&#8230;<\/p>\n","protected":false},"featured_media":987,"comment_status":"open","ping_status":"closed","template":"","meta":{"_exactmetrics_skip_tracking":false,"_exactmetrics_sitenote_active":false,"_exactmetrics_sitenote_note":"","_exactmetrics_sitenote_category":0},"product_brand":[],"product_cat":[39],"product_tag":[49,47,48],"class_list":{"0":"post-996","1":"product","2":"type-product","3":"status-publish","4":"has-post-thumbnail","6":"product_cat-dvds-e-cds","7":"product_tag-afetiva","8":"product_tag-dvd","9":"product_tag-inteligencia","11":"first","12":"instock","13":"shipping-taxable","14":"purchasable","15":"product-type-simple"},"yoast_head":"<!-- This site is optimized with the Yoast SEO plugin v24.2 - https:\/\/yoast.com\/wordpress\/plugins\/seo\/ -->\n<title>DVD: Intelig\u00eancia Afetiva \u2013 Volume 2 - Rosana Braga<\/title>\n<meta name=\"robots\" content=\"index, follow, max-snippet:-1, max-image-preview:large, max-video-preview:-1\" \/>\n<link rel=\"canonical\" href=\"https:\/\/rosanabraga.com.br\/2017\/produto\/dvd-inteligencia-afetiva-volume-2\/\" \/>\n<meta property=\"og:locale\" content=\"pt_BR\" \/>\n<meta property=\"og:type\" content=\"article\" \/>\n<meta property=\"og:title\" content=\"DVD: Intelig\u00eancia Afetiva \u2013 Volume 2 - Rosana Braga\" \/>\n<meta property=\"og:description\" content=\"V\u00cdDEO TREINAMENTO A ferramenta que voc\u00ea precisa para se tornar uma pessoa mais completa e acumular vit\u00f3rias em todas as \u00e1reas da vida: social, profissional e pessoal. Uma palestra em v\u00eddeo, din\u00e2mica e envolvente, que vai transformar sua forma de se relacionar! Com as videoaulas...\" \/>\n<meta property=\"og:url\" content=\"https:\/\/rosanabraga.com.br\/2017\/produto\/dvd-inteligencia-afetiva-volume-2\/\" \/>\n<meta property=\"og:site_name\" content=\"Rosana Braga\" \/>\n<meta property=\"article:modified_time\" content=\"2016-04-08T17:17:26+00:00\" \/>\n<meta property=\"og:image\" content=\"https:\/\/rosanabraga.com.br\/2017\/wp-content\/uploads\/2016\/04\/Inteligencia-afetiva-2.png\" \/>\n\t<meta property=\"og:image:width\" content=\"1000\" \/>\n\t<meta property=\"og:image:height\" content=\"1000\" \/>\n\t<meta property=\"og:image:type\" content=\"image\/png\" \/>\n<meta name=\"twitter:card\" content=\"summary_large_image\" \/>\n<meta name=\"twitter:label1\" content=\"Est. tempo de leitura\" \/>\n\t<meta name=\"twitter:data1\" content=\"1 minuto\" \/>\n<script type=\"application\/ld+json\" class=\"yoast-schema-graph\">{\"@context\":\"https:\/\/schema.org\",\"@graph\":[{\"@type\":\"WebPage\",\"@id\":\"https:\/\/rosanabraga.com.br\/2017\/produto\/dvd-inteligencia-afetiva-volume-2\/\",\"url\":\"https:\/\/rosanabraga.com.br\/2017\/produto\/dvd-inteligencia-afetiva-volume-2\/\",\"name\":\"DVD: Intelig\u00eancia Afetiva \u2013 Volume 2 - Rosana Braga\",\"isPartOf\":{\"@id\":\"https:\/\/rosanabraga.com.br\/2017\/#website\"},\"primaryImageOfPage\":{\"@id\":\"https:\/\/rosanabraga.com.br\/2017\/produto\/dvd-inteligencia-afetiva-volume-2\/#primaryimage\"},\"image\":{\"@id\":\"https:\/\/rosanabraga.com.br\/2017\/produto\/dvd-inteligencia-afetiva-volume-2\/#primaryimage\"},\"thumbnailUrl\":\"https:\/\/rosanabraga.com.br\/2017\/wp-content\/uploads\/2016\/04\/Inteligencia-afetiva-2.png\",\"datePublished\":\"2016-04-08T16:26:17+00:00\",\"dateModified\":\"2016-04-08T17:17:26+00:00\",\"breadcrumb\":{\"@id\":\"https:\/\/rosanabraga.com.br\/2017\/produto\/dvd-inteligencia-afetiva-volume-2\/#breadcrumb\"},\"inLanguage\":\"pt-BR\",\"potentialAction\":[{\"@type\":\"ReadAction\",\"target\":[\"https:\/\/rosanabraga.com.br\/2017\/produto\/dvd-inteligencia-afetiva-volume-2\/\"]}]},{\"@type\":\"ImageObject\",\"inLanguage\":\"pt-BR\",\"@id\":\"https:\/\/rosanabraga.com.br\/2017\/produto\/dvd-inteligencia-afetiva-volume-2\/#primaryimage\",\"url\":\"https:\/\/rosanabraga.com.br\/2017\/wp-content\/uploads\/2016\/04\/Inteligencia-afetiva-2.png\",\"contentUrl\":\"https:\/\/rosanabraga.com.br\/2017\/wp-content\/uploads\/2016\/04\/Inteligencia-afetiva-2.png\",\"width\":1000,\"height\":1000},{\"@type\":\"BreadcrumbList\",\"@id\":\"https:\/\/rosanabraga.com.br\/2017\/produto\/dvd-inteligencia-afetiva-volume-2\/#breadcrumb\",\"itemListElement\":[{\"@type\":\"ListItem\",\"position\":1,\"name\":\"In\u00edcio\",\"item\":\"https:\/\/rosanabraga.com.br\/2017\/\"},{\"@type\":\"ListItem\",\"position\":2,\"name\":\"Produtos\",\"item\":\"http:\/\/rosanabraga.com.br\/2017\/shop\/\"},{\"@type\":\"ListItem\",\"position\":3,\"name\":\"DVD: Intelig\u00eancia Afetiva \u2013 Volume 2\"}]},{\"@type\":\"WebSite\",\"@id\":\"https:\/\/rosanabraga.com.br\/2017\/#website\",\"url\":\"https:\/\/rosanabraga.com.br\/2017\/\",\"name\":\"Rosana Braga\",\"description\":\"Relacionamento e Autoestima\",\"potentialAction\":[{\"@type\":\"SearchAction\",\"target\":{\"@type\":\"EntryPoint\",\"urlTemplate\":\"https:\/\/rosanabraga.com.br\/2017\/?s={search_term_string}\"},\"query-input\":{\"@type\":\"PropertyValueSpecification\",\"valueRequired\":true,\"valueName\":\"search_term_string\"}}],\"inLanguage\":\"pt-BR\"}]}<\/script>\n<!-- \/ Yoast SEO plugin. -->","yoast_head_json":{"title":"DVD: Intelig\u00eancia Afetiva \u2013 Volume 2 - Rosana Braga","robots":{"index":"index","follow":"follow","max-snippet":"max-snippet:-1","max-image-preview":"max-image-preview:large","max-video-preview":"max-video-preview:-1"},"canonical":"https:\/\/rosanabraga.com.br\/2017\/produto\/dvd-inteligencia-afetiva-volume-2\/","og_locale":"pt_BR","og_type":"article","og_title":"DVD: Intelig\u00eancia Afetiva \u2013 Volume 2 - Rosana Braga","og_description":"V\u00cdDEO TREINAMENTO A ferramenta que voc\u00ea precisa para se tornar uma pessoa mais completa e acumular vit\u00f3rias em todas as \u00e1reas da vida: social, profissional e pessoal. Uma palestra em v\u00eddeo, din\u00e2mica e envolvente, que vai transformar sua forma de se relacionar! Com as videoaulas...","og_url":"https:\/\/rosanabraga.com.br\/2017\/produto\/dvd-inteligencia-afetiva-volume-2\/","og_site_name":"Rosana Braga","article_modified_time":"2016-04-08T17:17:26+00:00","og_image":[{"width":1000,"height":1000,"url":"https:\/\/rosanabraga.com.br\/2017\/wp-content\/uploads\/2016\/04\/Inteligencia-afetiva-2.png","type":"image\/png"}],"twitter_card":"summary_large_image","twitter_misc":{"Est. tempo de leitura":"1 minuto"},"schema":{"@context":"https:\/\/schema.org","@graph":[{"@type":"WebPage","@id":"https:\/\/rosanabraga.com.br\/2017\/produto\/dvd-inteligencia-afetiva-volume-2\/","url":"https:\/\/rosanabraga.com.br\/2017\/produto\/dvd-inteligencia-afetiva-volume-2\/","name":"DVD: Intelig\u00eancia Afetiva \u2013 Volume 2 - Rosana Braga","isPartOf":{"@id":"https:\/\/rosanabraga.com.br\/2017\/#website"},"primaryImageOfPage":{"@id":"https:\/\/rosanabraga.com.br\/2017\/produto\/dvd-inteligencia-afetiva-volume-2\/#primaryimage"},"image":{"@id":"https:\/\/rosanabraga.com.br\/2017\/produto\/dvd-inteligencia-afetiva-volume-2\/#primaryimage"},"thumbnailUrl":"https:\/\/rosanabraga.com.br\/2017\/wp-content\/uploads\/2016\/04\/Inteligencia-afetiva-2.png","datePublished":"2016-04-08T16:26:17+00:00","dateModified":"2016-04-08T17:17:26+00:00","breadcrumb":{"@id":"https:\/\/rosanabraga.com.br\/2017\/produto\/dvd-inteligencia-afetiva-volume-2\/#breadcrumb"},"inLanguage":"pt-BR","potentialAction":[{"@type":"ReadAction","target":["https:\/\/rosanabraga.com.br\/2017\/produto\/dvd-inteligencia-afetiva-volume-2\/"]}]},{"@type":"ImageObject","inLanguage":"pt-BR","@id":"https:\/\/rosanabraga.com.br\/2017\/produto\/dvd-inteligencia-afetiva-volume-2\/#primaryimage","url":"https:\/\/rosanabraga.com.br\/2017\/wp-content\/uploads\/2016\/04\/Inteligencia-afetiva-2.png","contentUrl":"https:\/\/rosanabraga.com.br\/2017\/wp-content\/uploads\/2016\/04\/Inteligencia-afetiva-2.png","width":1000,"height":1000},{"@type":"BreadcrumbList","@id":"https:\/\/rosanabraga.com.br\/2017\/produto\/dvd-inteligencia-afetiva-volume-2\/#breadcrumb","itemListElement":[{"@type":"ListItem","position":1,"name":"In\u00edcio","item":"https:\/\/rosanabraga.com.br\/2017\/"},{"@type":"ListItem","position":2,"name":"Produtos","item":"http:\/\/rosanabraga.com.br\/2017\/shop\/"},{"@type":"ListItem","position":3,"name":"DVD: Intelig\u00eancia Afetiva \u2013 Volume 2"}]},{"@type":"WebSite","@id":"https:\/\/rosanabraga.com.br\/2017\/#website","url":"https:\/\/rosanabraga.com.br\/2017\/","name":"Rosana Braga","description":"Relacionamento e Autoestima","potentialAction":[{"@type":"SearchAction","target":{"@type":"EntryPoint","urlTemplate":"https:\/\/rosanabraga.com.br\/2017\/?s={search_term_string}"},"query-input":{"@type":"PropertyValueSpecification","valueRequired":true,"valueName":"search_term_string"}}],"inLanguage":"pt-BR"}]}},"_links":{"self":[{"href":"https:\/\/rosanabraga.com.br\/2017\/wp-json\/wp\/v2\/product\/996","targetHints":{"allow":["GET"]}}],"collection":[{"href":"https:\/\/rosanabraga.com.br\/2017\/wp-json\/wp\/v2\/product"}],"about":[{"href":"https:\/\/rosanabraga.com.br\/2017\/wp-json\/wp\/v2\/types\/product"}],"replies":[{"embeddable":true,"href":"https:\/\/rosanabraga.com.br\/2017\/wp-json\/wp\/v2\/comments?post=996"}],"wp:featuredmedia":[{"embeddable":true,"href":"https:\/\/rosanabraga.com.br\/2017\/wp-json\/wp\/v2\/media\/987"}],"wp:attachment":[{"href":"https:\/\/rosanabraga.com.br\/2017\/wp-json\/wp\/v2\/media?parent=996"}],"wp:term":[{"taxonomy":"product_brand","embeddable":true,"href":"https:\/\/rosanabraga.com.br\/2017\/wp-json\/wp\/v2\/product_brand?post=996"},{"taxonomy":"product_cat","embeddable":true,"href":"https:\/\/rosanabraga.com.br\/2017\/wp-json\/wp\/v2\/product_cat?post=996"},{"taxonomy":"product_tag","embeddable":true,"href":"https:\/\/rosanabraga.com.br\/2017\/wp-json\/wp\/v2\/product_tag?post=996"}],"curies":[{"name":"wp","href":"https:\/\/api.w.org\/{rel}","templated":true}]}}