{"id":392,"date":"2015-05-19T10:17:35","date_gmt":"2015-05-19T10:17:35","guid":{"rendered":"http:\/\/wp.magnium-themes.com\/himmelen\/himmelen-1\/?post_type=product&#038;p=392"},"modified":"2016-10-14T14:12:26","modified_gmt":"2016-10-14T14:12:26","slug":"livro-10-passos-para-um-amor-de-verdade","status":"publish","type":"product","link":"https:\/\/rosanabraga.com.br\/2017\/produto\/livro-10-passos-para-um-amor-de-verdade\/","title":{"rendered":"Livro: 10 passos para um amor de verdade"},"content":{"rendered":"<p>Voc\u00ea j\u00e1 sofreu demais com uma separa\u00e7\u00e3o ou com um amor que n\u00e3o deu certo? Tem a impress\u00e3o de que faz de tudo para se dar bem no amor, mas vive se decepcionando e sentindo aquela sensa\u00e7\u00e3o terr\u00edvel de ser abandonada, trocada, tra\u00edda ou de simplesmente constatar que n\u00e3o est\u00e1 funcionando? Pois \u00e9, o problema \u00e9 que as suas cren\u00e7as podem estar terrivelmente equivocadas! Voc\u00ea pode estar se deixando enganar por pensamentos limitantes e, consequentemente, toma atitudes que p\u00f5em a perder o seu relacionamento, o seu casamento e aquela hist\u00f3ria de amor que tinha tudo para dar certo! E se voc\u00ea pudesse mudar isso de uma vez por todas? E se tivesse recursos e ferramentas internas para lidar com seus sentimentos de medo, inseguran\u00e7a, baixa autoestima e desconfian\u00e7a? Estaria disposta a rever suas atitudes e suas escolhas e, com mudan\u00e7as simples, mas eficientes, finalmente viver um amor de verdade? Pois \u00e9 exatamente disso que se trata este livro! Dicas, estrat\u00e9gias e insights fant\u00e1sticos para voc\u00ea se dar conta do quanto merece ser feliz no amor e de como isso \u00e9 absolutamente poss\u00edvel! Depois de ler os 10 passos para um amor de verdade, voc\u00ea vai se perguntar como n\u00e3o tinha percebido tudo isso antes e por que n\u00e3o encontrou um conte\u00fado assim h\u00e1 muito mais tempo!<br \/>\n68 p\u00e1ginas<br \/>\nFormato: 16x23cm<br \/>\nEditora Discovery<\/p>\n","protected":false},"excerpt":{"rendered":"<p>Voc\u00ea j\u00e1 sofreu demais com uma separa\u00e7\u00e3o ou com um amor que n\u00e3o deu certo? Tem a impress\u00e3o de que faz de tudo para se dar bem no amor, mas vive se decepcionando e sentindo aquela sensa\u00e7\u00e3o terr\u00edvel de ser abandonada, trocada, tra\u00edda ou de simplesmente constatar que n\u00e3o est\u00e1 funcionando? Pois \u00e9, o problema \u00e9 que as suas cren\u00e7as podem estar terrivelmente equivocadas! Voc\u00ea pode estar se deixando enganar por pensamentos limitantes e, consequentemente, toma atitudes que p\u00f5em a perder o seu relacionamento, o seu casamento e aquela hist\u00f3ria de amor que tinha tudo para dar certo! E se voc\u00ea pudesse mudar isso de uma vez por todas? E se tivesse recursos e ferramentas internas para lidar com seus sentimentos de medo, inseguran\u00e7a, baixa autoestima e desconfian\u00e7a? Estaria disposta a rever suas atitudes e suas escolhas e, com mudan\u00e7as simples, mas eficientes, finalmente viver um amor de verdade? Pois \u00e9 exatamente disso que se trata este livro! Dicas, estrat\u00e9gias e insights fant\u00e1sticos para voc\u00ea se dar conta do quanto merece ser feliz no amor e de como isso \u00e9 absolutamente poss\u00edvel! Depois de ler os 10 passos para um amor de verdade, voc\u00ea vai se perguntar como n\u00e3o tinha percebido tudo isso antes e por que n\u00e3o encontrou um conte\u00fado assim h\u00e1 muito mais tempo!<\/p>\n","protected":false},"featured_media":1053,"comment_status":"open","ping_status":"closed","template":"","meta":{"_exactmetrics_skip_tracking":false,"_exactmetrics_sitenote_active":false,"_exactmetrics_sitenote_note":"","_exactmetrics_sitenote_category":0},"product_brand":[],"product_cat":[38],"product_tag":[42,59],"class_list":{"0":"post-392","1":"product","2":"type-product","3":"status-publish","4":"has-post-thumbnail","6":"product_cat-livros","7":"product_tag-amor","8":"product_tag-passos","10":"first","11":"instock","12":"shipping-taxable","13":"purchasable","14":"product-type-simple"},"yoast_head":"<!-- This site is optimized with the Yoast SEO plugin v24.2 - https:\/\/yoast.com\/wordpress\/plugins\/seo\/ -->\n<title>Livro: 10 passos para um amor de verdade - Rosana Braga<\/title>\n<meta name=\"robots\" content=\"index, follow, max-snippet:-1, max-image-preview:large, max-video-preview:-1\" \/>\n<link rel=\"canonical\" href=\"https:\/\/rosanabraga.com.br\/2017\/produto\/livro-10-passos-para-um-amor-de-verdade\/\" \/>\n<meta property=\"og:locale\" content=\"pt_BR\" \/>\n<meta property=\"og:type\" content=\"article\" \/>\n<meta property=\"og:title\" content=\"Livro: 10 passos para um amor de verdade - Rosana Braga\" \/>\n<meta property=\"og:description\" content=\"Voc\u00ea j\u00e1 sofreu demais com uma separa\u00e7\u00e3o ou com um amor que n\u00e3o deu certo? Tem a impress\u00e3o de que faz de tudo para se dar bem no amor, mas vive se decepcionando e sentindo aquela sensa\u00e7\u00e3o terr\u00edvel de ser abandonada, trocada, tra\u00edda ou de simplesmente constatar que n\u00e3o est\u00e1 funcionando? Pois \u00e9, o problema \u00e9 que as suas cren\u00e7as podem estar terrivelmente equivocadas! Voc\u00ea pode estar se deixando enganar por pensamentos limitantes e, consequentemente, toma atitudes que p\u00f5em a perder o seu relacionamento, o seu casamento e aquela hist\u00f3ria de amor que tinha tudo para dar certo! E se voc\u00ea pudesse mudar isso de uma vez por todas? E se tivesse recursos e ferramentas internas para lidar com seus sentimentos de medo, inseguran\u00e7a, baixa autoestima e desconfian\u00e7a? Estaria disposta a rever suas atitudes e suas escolhas e, com mudan\u00e7as simples, mas eficientes, finalmente viver um amor de verdade? Pois \u00e9 exatamente disso que se trata este livro! Dicas, estrat\u00e9gias e insights fant\u00e1sticos para voc\u00ea se dar conta do quanto merece ser feliz no amor e de como isso \u00e9 absolutamente poss\u00edvel! Depois de ler os 10 passos para um amor de verdade, voc\u00ea vai se perguntar como n\u00e3o tinha percebido tudo isso antes e por que n\u00e3o encontrou um conte\u00fado assim h\u00e1 muito mais tempo!\" \/>\n<meta property=\"og:url\" content=\"https:\/\/rosanabraga.com.br\/2017\/produto\/livro-10-passos-para-um-amor-de-verdade\/\" \/>\n<meta property=\"og:site_name\" content=\"Rosana Braga\" \/>\n<meta property=\"article:modified_time\" content=\"2016-10-14T14:12:26+00:00\" \/>\n<meta property=\"og:image\" content=\"https:\/\/rosanabraga.com.br\/2017\/wp-content\/uploads\/2016\/04\/10-passos.png\" \/>\n\t<meta property=\"og:image:width\" content=\"1000\" \/>\n\t<meta property=\"og:image:height\" content=\"1000\" \/>\n\t<meta property=\"og:image:type\" content=\"image\/png\" \/>\n<meta name=\"twitter:card\" content=\"summary_large_image\" \/>\n<meta name=\"twitter:label1\" content=\"Est. tempo de leitura\" \/>\n\t<meta name=\"twitter:data1\" content=\"1 minuto\" \/>\n<script type=\"application\/ld+json\" class=\"yoast-schema-graph\">{\"@context\":\"https:\/\/schema.org\",\"@graph\":[{\"@type\":\"WebPage\",\"@id\":\"https:\/\/rosanabraga.com.br\/2017\/produto\/livro-10-passos-para-um-amor-de-verdade\/\",\"url\":\"https:\/\/rosanabraga.com.br\/2017\/produto\/livro-10-passos-para-um-amor-de-verdade\/\",\"name\":\"Livro: 10 passos para um amor de verdade - Rosana Braga\",\"isPartOf\":{\"@id\":\"https:\/\/rosanabraga.com.br\/2017\/#website\"},\"primaryImageOfPage\":{\"@id\":\"https:\/\/rosanabraga.com.br\/2017\/produto\/livro-10-passos-para-um-amor-de-verdade\/#primaryimage\"},\"image\":{\"@id\":\"https:\/\/rosanabraga.com.br\/2017\/produto\/livro-10-passos-para-um-amor-de-verdade\/#primaryimage\"},\"thumbnailUrl\":\"https:\/\/rosanabraga.com.br\/2017\/wp-content\/uploads\/2016\/04\/10-passos.png\",\"datePublished\":\"2015-05-19T10:17:35+00:00\",\"dateModified\":\"2016-10-14T14:12:26+00:00\",\"breadcrumb\":{\"@id\":\"https:\/\/rosanabraga.com.br\/2017\/produto\/livro-10-passos-para-um-amor-de-verdade\/#breadcrumb\"},\"inLanguage\":\"pt-BR\",\"potentialAction\":[{\"@type\":\"ReadAction\",\"target\":[\"https:\/\/rosanabraga.com.br\/2017\/produto\/livro-10-passos-para-um-amor-de-verdade\/\"]}]},{\"@type\":\"ImageObject\",\"inLanguage\":\"pt-BR\",\"@id\":\"https:\/\/rosanabraga.com.br\/2017\/produto\/livro-10-passos-para-um-amor-de-verdade\/#primaryimage\",\"url\":\"https:\/\/rosanabraga.com.br\/2017\/wp-content\/uploads\/2016\/04\/10-passos.png\",\"contentUrl\":\"https:\/\/rosanabraga.com.br\/2017\/wp-content\/uploads\/2016\/04\/10-passos.png\",\"width\":1000,\"height\":1000},{\"@type\":\"BreadcrumbList\",\"@id\":\"https:\/\/rosanabraga.com.br\/2017\/produto\/livro-10-passos-para-um-amor-de-verdade\/#breadcrumb\",\"itemListElement\":[{\"@type\":\"ListItem\",\"position\":1,\"name\":\"In\u00edcio\",\"item\":\"https:\/\/rosanabraga.com.br\/2017\/\"},{\"@type\":\"ListItem\",\"position\":2,\"name\":\"Produtos\",\"item\":\"http:\/\/rosanabraga.com.br\/2017\/shop\/\"},{\"@type\":\"ListItem\",\"position\":3,\"name\":\"Livro: 10 passos para um amor de verdade\"}]},{\"@type\":\"WebSite\",\"@id\":\"https:\/\/rosanabraga.com.br\/2017\/#website\",\"url\":\"https:\/\/rosanabraga.com.br\/2017\/\",\"name\":\"Rosana Braga\",\"description\":\"Relacionamento e Autoestima\",\"potentialAction\":[{\"@type\":\"SearchAction\",\"target\":{\"@type\":\"EntryPoint\",\"urlTemplate\":\"https:\/\/rosanabraga.com.br\/2017\/?s={search_term_string}\"},\"query-input\":{\"@type\":\"PropertyValueSpecification\",\"valueRequired\":true,\"valueName\":\"search_term_string\"}}],\"inLanguage\":\"pt-BR\"}]}<\/script>\n<!-- \/ Yoast SEO plugin. -->","yoast_head_json":{"title":"Livro: 10 passos para um amor de verdade - Rosana Braga","robots":{"index":"index","follow":"follow","max-snippet":"max-snippet:-1","max-image-preview":"max-image-preview:large","max-video-preview":"max-video-preview:-1"},"canonical":"https:\/\/rosanabraga.com.br\/2017\/produto\/livro-10-passos-para-um-amor-de-verdade\/","og_locale":"pt_BR","og_type":"article","og_title":"Livro: 10 passos para um amor de verdade - Rosana Braga","og_description":"Voc\u00ea j\u00e1 sofreu demais com uma separa\u00e7\u00e3o ou com um amor que n\u00e3o deu certo? Tem a impress\u00e3o de que faz de tudo para se dar bem no amor, mas vive se decepcionando e sentindo aquela sensa\u00e7\u00e3o terr\u00edvel de ser abandonada, trocada, tra\u00edda ou de simplesmente constatar que n\u00e3o est\u00e1 funcionando? Pois \u00e9, o problema \u00e9 que as suas cren\u00e7as podem estar terrivelmente equivocadas! Voc\u00ea pode estar se deixando enganar por pensamentos limitantes e, consequentemente, toma atitudes que p\u00f5em a perder o seu relacionamento, o seu casamento e aquela hist\u00f3ria de amor que tinha tudo para dar certo! E se voc\u00ea pudesse mudar isso de uma vez por todas? E se tivesse recursos e ferramentas internas para lidar com seus sentimentos de medo, inseguran\u00e7a, baixa autoestima e desconfian\u00e7a? Estaria disposta a rever suas atitudes e suas escolhas e, com mudan\u00e7as simples, mas eficientes, finalmente viver um amor de verdade? Pois \u00e9 exatamente disso que se trata este livro! Dicas, estrat\u00e9gias e insights fant\u00e1sticos para voc\u00ea se dar conta do quanto merece ser feliz no amor e de como isso \u00e9 absolutamente poss\u00edvel! Depois de ler os 10 passos para um amor de verdade, voc\u00ea vai se perguntar como n\u00e3o tinha percebido tudo isso antes e por que n\u00e3o encontrou um conte\u00fado assim h\u00e1 muito mais tempo!","og_url":"https:\/\/rosanabraga.com.br\/2017\/produto\/livro-10-passos-para-um-amor-de-verdade\/","og_site_name":"Rosana Braga","article_modified_time":"2016-10-14T14:12:26+00:00","og_image":[{"width":1000,"height":1000,"url":"https:\/\/rosanabraga.com.br\/2017\/wp-content\/uploads\/2016\/04\/10-passos.png","type":"image\/png"}],"twitter_card":"summary_large_image","twitter_misc":{"Est. tempo de leitura":"1 minuto"},"schema":{"@context":"https:\/\/schema.org","@graph":[{"@type":"WebPage","@id":"https:\/\/rosanabraga.com.br\/2017\/produto\/livro-10-passos-para-um-amor-de-verdade\/","url":"https:\/\/rosanabraga.com.br\/2017\/produto\/livro-10-passos-para-um-amor-de-verdade\/","name":"Livro: 10 passos para um amor de verdade - Rosana Braga","isPartOf":{"@id":"https:\/\/rosanabraga.com.br\/2017\/#website"},"primaryImageOfPage":{"@id":"https:\/\/rosanabraga.com.br\/2017\/produto\/livro-10-passos-para-um-amor-de-verdade\/#primaryimage"},"image":{"@id":"https:\/\/rosanabraga.com.br\/2017\/produto\/livro-10-passos-para-um-amor-de-verdade\/#primaryimage"},"thumbnailUrl":"https:\/\/rosanabraga.com.br\/2017\/wp-content\/uploads\/2016\/04\/10-passos.png","datePublished":"2015-05-19T10:17:35+00:00","dateModified":"2016-10-14T14:12:26+00:00","breadcrumb":{"@id":"https:\/\/rosanabraga.com.br\/2017\/produto\/livro-10-passos-para-um-amor-de-verdade\/#breadcrumb"},"inLanguage":"pt-BR","potentialAction":[{"@type":"ReadAction","target":["https:\/\/rosanabraga.com.br\/2017\/produto\/livro-10-passos-para-um-amor-de-verdade\/"]}]},{"@type":"ImageObject","inLanguage":"pt-BR","@id":"https:\/\/rosanabraga.com.br\/2017\/produto\/livro-10-passos-para-um-amor-de-verdade\/#primaryimage","url":"https:\/\/rosanabraga.com.br\/2017\/wp-content\/uploads\/2016\/04\/10-passos.png","contentUrl":"https:\/\/rosanabraga.com.br\/2017\/wp-content\/uploads\/2016\/04\/10-passos.png","width":1000,"height":1000},{"@type":"BreadcrumbList","@id":"https:\/\/rosanabraga.com.br\/2017\/produto\/livro-10-passos-para-um-amor-de-verdade\/#breadcrumb","itemListElement":[{"@type":"ListItem","position":1,"name":"In\u00edcio","item":"https:\/\/rosanabraga.com.br\/2017\/"},{"@type":"ListItem","position":2,"name":"Produtos","item":"http:\/\/rosanabraga.com.br\/2017\/shop\/"},{"@type":"ListItem","position":3,"name":"Livro: 10 passos para um amor de verdade"}]},{"@type":"WebSite","@id":"https:\/\/rosanabraga.com.br\/2017\/#website","url":"https:\/\/rosanabraga.com.br\/2017\/","name":"Rosana Braga","description":"Relacionamento e Autoestima","potentialAction":[{"@type":"SearchAction","target":{"@type":"EntryPoint","urlTemplate":"https:\/\/rosanabraga.com.br\/2017\/?s={search_term_string}"},"query-input":{"@type":"PropertyValueSpecification","valueRequired":true,"valueName":"search_term_string"}}],"inLanguage":"pt-BR"}]}},"_links":{"self":[{"href":"https:\/\/rosanabraga.com.br\/2017\/wp-json\/wp\/v2\/product\/392","targetHints":{"allow":["GET"]}}],"collection":[{"href":"https:\/\/rosanabraga.com.br\/2017\/wp-json\/wp\/v2\/product"}],"about":[{"href":"https:\/\/rosanabraga.com.br\/2017\/wp-json\/wp\/v2\/types\/product"}],"replies":[{"embeddable":true,"href":"https:\/\/rosanabraga.com.br\/2017\/wp-json\/wp\/v2\/comments?post=392"}],"wp:featuredmedia":[{"embeddable":true,"href":"https:\/\/rosanabraga.com.br\/2017\/wp-json\/wp\/v2\/media\/1053"}],"wp:attachment":[{"href":"https:\/\/rosanabraga.com.br\/2017\/wp-json\/wp\/v2\/media?parent=392"}],"wp:term":[{"taxonomy":"product_brand","embeddable":true,"href":"https:\/\/rosanabraga.com.br\/2017\/wp-json\/wp\/v2\/product_brand?post=392"},{"taxonomy":"product_cat","embeddable":true,"href":"https:\/\/rosanabraga.com.br\/2017\/wp-json\/wp\/v2\/product_cat?post=392"},{"taxonomy":"product_tag","embeddable":true,"href":"https:\/\/rosanabraga.com.br\/2017\/wp-json\/wp\/v2\/product_tag?post=392"}],"curies":[{"name":"wp","href":"https:\/\/api.w.org\/{rel}","templated":true}]}}