{"id":388,"date":"2015-05-20T10:16:26","date_gmt":"2015-05-20T10:16:26","guid":{"rendered":"http:\/\/wp.magnium-themes.com\/himmelen\/himmelen-1\/?post_type=product&#038;p=388"},"modified":"2016-10-14T14:12:05","modified_gmt":"2016-10-14T14:12:05","slug":"livro-quem-ama-mostra","status":"publish","type":"product","link":"https:\/\/rosanabraga.com.br\/2017\/produto\/livro-quem-ama-mostra\/","title":{"rendered":"Livro: Quem Ama, Mostra!"},"content":{"rendered":"<p>&#8220;Quem Ama, Mostra&#8221; \u00e9 uma obra que reflete toda a experi\u00eancia e maturidade da Rosana Braga acumulada em mais de quinze anos estudando relacionamentos e tornando-se a maior refer\u00eancia no Pa\u00eds quando o assunto \u00e9 AMOR. Neste livro ela retrata diversas situa\u00e7\u00f5es entre casais, baseados em casos reais, que far\u00e1 com que voc\u00ea entenda definitivamente o motivo pelo qual muitos relacionamentos terminam sem que os envolvidos na rela\u00e7\u00e3o consigam ao menos identificar o que aconteceu e responder a pergunta: onde foi que eu errei? Voc\u00ea tem em suas m\u00e3os uma chance \u00fanica de fazer diferente. De entender o grande segredo por tr\u00e1s das rela\u00e7\u00f5es felizes a longo prazo e de se tornar consciente de que o AMOR precisa ser vivido, sentido e principalmente mostrado. Como ela mesmo ensina: \u201cn\u00e3o tem jogo ganho no amor. Quando voc\u00ea se acomoda e para de mostrar, esse \u00e9 o come\u00e7o do fim\u201d. Como seria para voc\u00ea sentir que \u00e9 realmente uma pessoa amada e descobrir algumas regras simples e poderosas que podem finalmente levar seu relacionamento para o pr\u00f3ximo n\u00edvel?<\/p>\n","protected":false},"excerpt":{"rendered":"<p>&#8220;Quem Ama, Mostra&#8221; \u00e9 uma obra que reflete toda a experi\u00eancia e maturidade da Rosana Braga acumulada em mais de quinze anos estudando relacionamentos e tornando-se a maior refer\u00eancia no Pa\u00eds quando o assunto \u00e9 AMOR. Neste livro ela retrata diversas situa\u00e7\u00f5es entre casais, baseados&#8230;<\/p>\n","protected":false},"featured_media":990,"comment_status":"open","ping_status":"closed","template":"","meta":{"_exactmetrics_skip_tracking":false,"_exactmetrics_sitenote_active":false,"_exactmetrics_sitenote_note":"","_exactmetrics_sitenote_category":0},"product_brand":[],"product_cat":[38],"product_tag":[42,43,41],"class_list":{"0":"post-388","1":"product","2":"type-product","3":"status-publish","4":"has-post-thumbnail","6":"product_cat-livros","7":"product_tag-amor","8":"product_tag-autoestima","9":"product_tag-livros","11":"first","12":"instock","13":"shipping-taxable","14":"purchasable","15":"product-type-simple"},"yoast_head":"<!-- This site is optimized with the Yoast SEO plugin v24.2 - https:\/\/yoast.com\/wordpress\/plugins\/seo\/ -->\n<title>Livro: Quem Ama, Mostra! - Rosana Braga<\/title>\n<meta name=\"robots\" content=\"index, follow, max-snippet:-1, max-image-preview:large, max-video-preview:-1\" \/>\n<link rel=\"canonical\" href=\"https:\/\/rosanabraga.com.br\/2017\/produto\/livro-quem-ama-mostra\/\" \/>\n<meta property=\"og:locale\" content=\"pt_BR\" \/>\n<meta property=\"og:type\" content=\"article\" \/>\n<meta property=\"og:title\" content=\"Livro: Quem Ama, Mostra! - Rosana Braga\" \/>\n<meta property=\"og:description\" content=\"&#8220;Quem Ama, Mostra&#8221; \u00e9 uma obra que reflete toda a experi\u00eancia e maturidade da Rosana Braga acumulada em mais de quinze anos estudando relacionamentos e tornando-se a maior refer\u00eancia no Pa\u00eds quando o assunto \u00e9 AMOR. Neste livro ela retrata diversas situa\u00e7\u00f5es entre casais, baseados...\" \/>\n<meta property=\"og:url\" content=\"https:\/\/rosanabraga.com.br\/2017\/produto\/livro-quem-ama-mostra\/\" \/>\n<meta property=\"og:site_name\" content=\"Rosana Braga\" \/>\n<meta property=\"article:modified_time\" content=\"2016-10-14T14:12:05+00:00\" \/>\n<meta property=\"og:image\" content=\"https:\/\/rosanabraga.com.br\/2017\/wp-content\/uploads\/2016\/04\/Quem-ama-mostra.png\" \/>\n\t<meta property=\"og:image:width\" content=\"1000\" \/>\n\t<meta property=\"og:image:height\" content=\"1000\" \/>\n\t<meta property=\"og:image:type\" content=\"image\/png\" \/>\n<meta name=\"twitter:card\" content=\"summary_large_image\" \/>\n<meta name=\"twitter:label1\" content=\"Est. tempo de leitura\" \/>\n\t<meta name=\"twitter:data1\" content=\"1 minuto\" \/>\n<script type=\"application\/ld+json\" class=\"yoast-schema-graph\">{\"@context\":\"https:\/\/schema.org\",\"@graph\":[{\"@type\":\"WebPage\",\"@id\":\"https:\/\/rosanabraga.com.br\/2017\/produto\/livro-quem-ama-mostra\/\",\"url\":\"https:\/\/rosanabraga.com.br\/2017\/produto\/livro-quem-ama-mostra\/\",\"name\":\"Livro: Quem Ama, Mostra! - Rosana Braga\",\"isPartOf\":{\"@id\":\"https:\/\/rosanabraga.com.br\/2017\/#website\"},\"primaryImageOfPage\":{\"@id\":\"https:\/\/rosanabraga.com.br\/2017\/produto\/livro-quem-ama-mostra\/#primaryimage\"},\"image\":{\"@id\":\"https:\/\/rosanabraga.com.br\/2017\/produto\/livro-quem-ama-mostra\/#primaryimage\"},\"thumbnailUrl\":\"https:\/\/rosanabraga.com.br\/2017\/wp-content\/uploads\/2016\/04\/Quem-ama-mostra.png\",\"datePublished\":\"2015-05-20T10:16:26+00:00\",\"dateModified\":\"2016-10-14T14:12:05+00:00\",\"breadcrumb\":{\"@id\":\"https:\/\/rosanabraga.com.br\/2017\/produto\/livro-quem-ama-mostra\/#breadcrumb\"},\"inLanguage\":\"pt-BR\",\"potentialAction\":[{\"@type\":\"ReadAction\",\"target\":[\"https:\/\/rosanabraga.com.br\/2017\/produto\/livro-quem-ama-mostra\/\"]}]},{\"@type\":\"ImageObject\",\"inLanguage\":\"pt-BR\",\"@id\":\"https:\/\/rosanabraga.com.br\/2017\/produto\/livro-quem-ama-mostra\/#primaryimage\",\"url\":\"https:\/\/rosanabraga.com.br\/2017\/wp-content\/uploads\/2016\/04\/Quem-ama-mostra.png\",\"contentUrl\":\"https:\/\/rosanabraga.com.br\/2017\/wp-content\/uploads\/2016\/04\/Quem-ama-mostra.png\",\"width\":1000,\"height\":1000},{\"@type\":\"BreadcrumbList\",\"@id\":\"https:\/\/rosanabraga.com.br\/2017\/produto\/livro-quem-ama-mostra\/#breadcrumb\",\"itemListElement\":[{\"@type\":\"ListItem\",\"position\":1,\"name\":\"In\u00edcio\",\"item\":\"https:\/\/rosanabraga.com.br\/2017\/\"},{\"@type\":\"ListItem\",\"position\":2,\"name\":\"Produtos\",\"item\":\"http:\/\/rosanabraga.com.br\/2017\/shop\/\"},{\"@type\":\"ListItem\",\"position\":3,\"name\":\"Livro: Quem Ama, Mostra!\"}]},{\"@type\":\"WebSite\",\"@id\":\"https:\/\/rosanabraga.com.br\/2017\/#website\",\"url\":\"https:\/\/rosanabraga.com.br\/2017\/\",\"name\":\"Rosana Braga\",\"description\":\"Relacionamento e Autoestima\",\"potentialAction\":[{\"@type\":\"SearchAction\",\"target\":{\"@type\":\"EntryPoint\",\"urlTemplate\":\"https:\/\/rosanabraga.com.br\/2017\/?s={search_term_string}\"},\"query-input\":{\"@type\":\"PropertyValueSpecification\",\"valueRequired\":true,\"valueName\":\"search_term_string\"}}],\"inLanguage\":\"pt-BR\"}]}<\/script>\n<!-- \/ Yoast SEO plugin. -->","yoast_head_json":{"title":"Livro: Quem Ama, Mostra! - Rosana Braga","robots":{"index":"index","follow":"follow","max-snippet":"max-snippet:-1","max-image-preview":"max-image-preview:large","max-video-preview":"max-video-preview:-1"},"canonical":"https:\/\/rosanabraga.com.br\/2017\/produto\/livro-quem-ama-mostra\/","og_locale":"pt_BR","og_type":"article","og_title":"Livro: Quem Ama, Mostra! - Rosana Braga","og_description":"&#8220;Quem Ama, Mostra&#8221; \u00e9 uma obra que reflete toda a experi\u00eancia e maturidade da Rosana Braga acumulada em mais de quinze anos estudando relacionamentos e tornando-se a maior refer\u00eancia no Pa\u00eds quando o assunto \u00e9 AMOR. Neste livro ela retrata diversas situa\u00e7\u00f5es entre casais, baseados...","og_url":"https:\/\/rosanabraga.com.br\/2017\/produto\/livro-quem-ama-mostra\/","og_site_name":"Rosana Braga","article_modified_time":"2016-10-14T14:12:05+00:00","og_image":[{"width":1000,"height":1000,"url":"https:\/\/rosanabraga.com.br\/2017\/wp-content\/uploads\/2016\/04\/Quem-ama-mostra.png","type":"image\/png"}],"twitter_card":"summary_large_image","twitter_misc":{"Est. tempo de leitura":"1 minuto"},"schema":{"@context":"https:\/\/schema.org","@graph":[{"@type":"WebPage","@id":"https:\/\/rosanabraga.com.br\/2017\/produto\/livro-quem-ama-mostra\/","url":"https:\/\/rosanabraga.com.br\/2017\/produto\/livro-quem-ama-mostra\/","name":"Livro: Quem Ama, Mostra! - Rosana Braga","isPartOf":{"@id":"https:\/\/rosanabraga.com.br\/2017\/#website"},"primaryImageOfPage":{"@id":"https:\/\/rosanabraga.com.br\/2017\/produto\/livro-quem-ama-mostra\/#primaryimage"},"image":{"@id":"https:\/\/rosanabraga.com.br\/2017\/produto\/livro-quem-ama-mostra\/#primaryimage"},"thumbnailUrl":"https:\/\/rosanabraga.com.br\/2017\/wp-content\/uploads\/2016\/04\/Quem-ama-mostra.png","datePublished":"2015-05-20T10:16:26+00:00","dateModified":"2016-10-14T14:12:05+00:00","breadcrumb":{"@id":"https:\/\/rosanabraga.com.br\/2017\/produto\/livro-quem-ama-mostra\/#breadcrumb"},"inLanguage":"pt-BR","potentialAction":[{"@type":"ReadAction","target":["https:\/\/rosanabraga.com.br\/2017\/produto\/livro-quem-ama-mostra\/"]}]},{"@type":"ImageObject","inLanguage":"pt-BR","@id":"https:\/\/rosanabraga.com.br\/2017\/produto\/livro-quem-ama-mostra\/#primaryimage","url":"https:\/\/rosanabraga.com.br\/2017\/wp-content\/uploads\/2016\/04\/Quem-ama-mostra.png","contentUrl":"https:\/\/rosanabraga.com.br\/2017\/wp-content\/uploads\/2016\/04\/Quem-ama-mostra.png","width":1000,"height":1000},{"@type":"BreadcrumbList","@id":"https:\/\/rosanabraga.com.br\/2017\/produto\/livro-quem-ama-mostra\/#breadcrumb","itemListElement":[{"@type":"ListItem","position":1,"name":"In\u00edcio","item":"https:\/\/rosanabraga.com.br\/2017\/"},{"@type":"ListItem","position":2,"name":"Produtos","item":"http:\/\/rosanabraga.com.br\/2017\/shop\/"},{"@type":"ListItem","position":3,"name":"Livro: Quem Ama, Mostra!"}]},{"@type":"WebSite","@id":"https:\/\/rosanabraga.com.br\/2017\/#website","url":"https:\/\/rosanabraga.com.br\/2017\/","name":"Rosana Braga","description":"Relacionamento e Autoestima","potentialAction":[{"@type":"SearchAction","target":{"@type":"EntryPoint","urlTemplate":"https:\/\/rosanabraga.com.br\/2017\/?s={search_term_string}"},"query-input":{"@type":"PropertyValueSpecification","valueRequired":true,"valueName":"search_term_string"}}],"inLanguage":"pt-BR"}]}},"_links":{"self":[{"href":"https:\/\/rosanabraga.com.br\/2017\/wp-json\/wp\/v2\/product\/388","targetHints":{"allow":["GET"]}}],"collection":[{"href":"https:\/\/rosanabraga.com.br\/2017\/wp-json\/wp\/v2\/product"}],"about":[{"href":"https:\/\/rosanabraga.com.br\/2017\/wp-json\/wp\/v2\/types\/product"}],"replies":[{"embeddable":true,"href":"https:\/\/rosanabraga.com.br\/2017\/wp-json\/wp\/v2\/comments?post=388"}],"wp:featuredmedia":[{"embeddable":true,"href":"https:\/\/rosanabraga.com.br\/2017\/wp-json\/wp\/v2\/media\/990"}],"wp:attachment":[{"href":"https:\/\/rosanabraga.com.br\/2017\/wp-json\/wp\/v2\/media?parent=388"}],"wp:term":[{"taxonomy":"product_brand","embeddable":true,"href":"https:\/\/rosanabraga.com.br\/2017\/wp-json\/wp\/v2\/product_brand?post=388"},{"taxonomy":"product_cat","embeddable":true,"href":"https:\/\/rosanabraga.com.br\/2017\/wp-json\/wp\/v2\/product_cat?post=388"},{"taxonomy":"product_tag","embeddable":true,"href":"https:\/\/rosanabraga.com.br\/2017\/wp-json\/wp\/v2\/product_tag?post=388"}],"curies":[{"name":"wp","href":"https:\/\/api.w.org\/{rel}","templated":true}]}}