{"id":385,"date":"2015-05-17T10:14:33","date_gmt":"2015-05-17T10:14:33","guid":{"rendered":"http:\/\/wp.magnium-themes.com\/himmelen\/himmelen-1\/?post_type=product&#038;p=385"},"modified":"2016-09-09T21:57:10","modified_gmt":"2016-09-09T21:57:10","slug":"livro-faca-o-amor-valer-a-pena","status":"publish","type":"product","link":"https:\/\/rosanabraga.com.br\/2017\/produto\/livro-faca-o-amor-valer-a-pena\/","title":{"rendered":"Livro: Fa\u00e7a o amor valer a pena"},"content":{"rendered":"<p>Amar \u00e9 um desafio. E como todo desafio, requer comprometimento. Neste livro Rosana Braga aborda a busca pelo verdadeiro amor, cuja caracter\u00edstica est\u00e1 relacionada \u00e0 perseveran\u00e7a e a dedica\u00e7\u00e3o. Mas para se chegar a esse tipo de relacionamento, a essa concep\u00e7\u00e3o elevada do amor, a autora prop\u00f5e ao leitor que, antes de come\u00e7ar a leitura do livro, deixe de lado todo e qualquer pensamento pr\u00e9-concebido sobre o assunto. \u201cFique, permita-se, entregue-se, comprometa-se!\u201d<br \/>\nRosana afirma que \u201cterminar e come\u00e7ar relacionamentos indefinidamente, sem procurar aprender com os erros e reconhecer os acertos (&#8230;) n\u00e3o nos conduz a t\u00e3o desejada felicidade no amor\u201d. Longe de ser indiferente e apaziguante, a obra de Rosana \u00e9 um est\u00edmulo ao leitor que de alguma forma se sente t\u00edmido ou embara\u00e7ado com quest\u00f5es ligadas aos sentimentos. Como agir diante da pessoa amada? O que pensam ao meu respeito? E se eu me envolver e sofrer depois? Espero mais um pouco ou decido agora? E se eu n\u00e3o for correspondido? Quest\u00f5es como essas e v\u00e1rias outras s\u00e3o abordadas com tato e sensibilidade pela autora que, mais do que qualquer outra coisa, est\u00e1 empenhada em fazer com que o amor valha a pena.<\/p>\n","protected":false},"excerpt":{"rendered":"<p>Amar \u00e9 um desafio. E como todo desafio, requer comprometimento. Neste livro Rosana Braga aborda a busca pelo verdadeiro amor, cuja caracter\u00edstica est\u00e1 relacionada \u00e0 perseveran\u00e7a e a dedica\u00e7\u00e3o. Mas para se chegar a esse tipo de relacionamento, a essa concep\u00e7\u00e3o elevada do amor, a&#8230;<\/p>\n","protected":false},"featured_media":1287,"comment_status":"open","ping_status":"closed","template":"","meta":{"_exactmetrics_skip_tracking":false,"_exactmetrics_sitenote_active":false,"_exactmetrics_sitenote_note":"","_exactmetrics_sitenote_category":0},"product_brand":[],"product_cat":[38],"product_tag":[42,45,43,44],"class_list":{"0":"post-385","1":"product","2":"type-product","3":"status-publish","4":"has-post-thumbnail","6":"product_cat-livros","7":"product_tag-amor","8":"product_tag-autoajuda","9":"product_tag-autoestima","10":"product_tag-dica","12":"first","13":"instock","14":"shipping-taxable","15":"purchasable","16":"product-type-simple"},"yoast_head":"<!-- This site is optimized with the Yoast SEO plugin v24.2 - https:\/\/yoast.com\/wordpress\/plugins\/seo\/ -->\n<title>Livro: Fa\u00e7a o amor valer a pena - Rosana Braga<\/title>\n<meta name=\"robots\" content=\"index, follow, max-snippet:-1, max-image-preview:large, max-video-preview:-1\" \/>\n<link rel=\"canonical\" href=\"https:\/\/rosanabraga.com.br\/2017\/produto\/livro-faca-o-amor-valer-a-pena\/\" \/>\n<meta property=\"og:locale\" content=\"pt_BR\" \/>\n<meta property=\"og:type\" content=\"article\" \/>\n<meta property=\"og:title\" content=\"Livro: Fa\u00e7a o amor valer a pena - Rosana Braga\" \/>\n<meta property=\"og:description\" content=\"Amar \u00e9 um desafio. E como todo desafio, requer comprometimento. Neste livro Rosana Braga aborda a busca pelo verdadeiro amor, cuja caracter\u00edstica est\u00e1 relacionada \u00e0 perseveran\u00e7a e a dedica\u00e7\u00e3o. Mas para se chegar a esse tipo de relacionamento, a essa concep\u00e7\u00e3o elevada do amor, a...\" \/>\n<meta property=\"og:url\" content=\"https:\/\/rosanabraga.com.br\/2017\/produto\/livro-faca-o-amor-valer-a-pena\/\" \/>\n<meta property=\"og:site_name\" content=\"Rosana Braga\" \/>\n<meta property=\"article:modified_time\" content=\"2016-09-09T21:57:10+00:00\" \/>\n<meta property=\"og:image\" content=\"https:\/\/rosanabraga.com.br\/2017\/wp-content\/uploads\/2015\/05\/Fac\u0327a-o-amor-valer-a-pena.png\" \/>\n\t<meta property=\"og:image:width\" content=\"1000\" \/>\n\t<meta property=\"og:image:height\" content=\"1000\" \/>\n\t<meta property=\"og:image:type\" content=\"image\/png\" \/>\n<meta name=\"twitter:card\" content=\"summary_large_image\" \/>\n<meta name=\"twitter:label1\" content=\"Est. tempo de leitura\" \/>\n\t<meta name=\"twitter:data1\" content=\"1 minuto\" \/>\n<script type=\"application\/ld+json\" class=\"yoast-schema-graph\">{\"@context\":\"https:\/\/schema.org\",\"@graph\":[{\"@type\":\"WebPage\",\"@id\":\"https:\/\/rosanabraga.com.br\/2017\/produto\/livro-faca-o-amor-valer-a-pena\/\",\"url\":\"https:\/\/rosanabraga.com.br\/2017\/produto\/livro-faca-o-amor-valer-a-pena\/\",\"name\":\"Livro: Fa\u00e7a o amor valer a pena - Rosana Braga\",\"isPartOf\":{\"@id\":\"https:\/\/rosanabraga.com.br\/2017\/#website\"},\"primaryImageOfPage\":{\"@id\":\"https:\/\/rosanabraga.com.br\/2017\/produto\/livro-faca-o-amor-valer-a-pena\/#primaryimage\"},\"image\":{\"@id\":\"https:\/\/rosanabraga.com.br\/2017\/produto\/livro-faca-o-amor-valer-a-pena\/#primaryimage\"},\"thumbnailUrl\":\"https:\/\/rosanabraga.com.br\/2017\/wp-content\/uploads\/2015\/05\/Fac\u0327a-o-amor-valer-a-pena.png\",\"datePublished\":\"2015-05-17T10:14:33+00:00\",\"dateModified\":\"2016-09-09T21:57:10+00:00\",\"breadcrumb\":{\"@id\":\"https:\/\/rosanabraga.com.br\/2017\/produto\/livro-faca-o-amor-valer-a-pena\/#breadcrumb\"},\"inLanguage\":\"pt-BR\",\"potentialAction\":[{\"@type\":\"ReadAction\",\"target\":[\"https:\/\/rosanabraga.com.br\/2017\/produto\/livro-faca-o-amor-valer-a-pena\/\"]}]},{\"@type\":\"ImageObject\",\"inLanguage\":\"pt-BR\",\"@id\":\"https:\/\/rosanabraga.com.br\/2017\/produto\/livro-faca-o-amor-valer-a-pena\/#primaryimage\",\"url\":\"https:\/\/rosanabraga.com.br\/2017\/wp-content\/uploads\/2015\/05\/Fac\u0327a-o-amor-valer-a-pena.png\",\"contentUrl\":\"https:\/\/rosanabraga.com.br\/2017\/wp-content\/uploads\/2015\/05\/Fac\u0327a-o-amor-valer-a-pena.png\",\"width\":1000,\"height\":1000},{\"@type\":\"BreadcrumbList\",\"@id\":\"https:\/\/rosanabraga.com.br\/2017\/produto\/livro-faca-o-amor-valer-a-pena\/#breadcrumb\",\"itemListElement\":[{\"@type\":\"ListItem\",\"position\":1,\"name\":\"In\u00edcio\",\"item\":\"https:\/\/rosanabraga.com.br\/2017\/\"},{\"@type\":\"ListItem\",\"position\":2,\"name\":\"Produtos\",\"item\":\"http:\/\/rosanabraga.com.br\/2017\/shop\/\"},{\"@type\":\"ListItem\",\"position\":3,\"name\":\"Livro: Fa\u00e7a o amor valer a pena\"}]},{\"@type\":\"WebSite\",\"@id\":\"https:\/\/rosanabraga.com.br\/2017\/#website\",\"url\":\"https:\/\/rosanabraga.com.br\/2017\/\",\"name\":\"Rosana Braga\",\"description\":\"Relacionamento e Autoestima\",\"potentialAction\":[{\"@type\":\"SearchAction\",\"target\":{\"@type\":\"EntryPoint\",\"urlTemplate\":\"https:\/\/rosanabraga.com.br\/2017\/?s={search_term_string}\"},\"query-input\":{\"@type\":\"PropertyValueSpecification\",\"valueRequired\":true,\"valueName\":\"search_term_string\"}}],\"inLanguage\":\"pt-BR\"}]}<\/script>\n<!-- \/ Yoast SEO plugin. -->","yoast_head_json":{"title":"Livro: Fa\u00e7a o amor valer a pena - Rosana Braga","robots":{"index":"index","follow":"follow","max-snippet":"max-snippet:-1","max-image-preview":"max-image-preview:large","max-video-preview":"max-video-preview:-1"},"canonical":"https:\/\/rosanabraga.com.br\/2017\/produto\/livro-faca-o-amor-valer-a-pena\/","og_locale":"pt_BR","og_type":"article","og_title":"Livro: Fa\u00e7a o amor valer a pena - Rosana Braga","og_description":"Amar \u00e9 um desafio. E como todo desafio, requer comprometimento. Neste livro Rosana Braga aborda a busca pelo verdadeiro amor, cuja caracter\u00edstica est\u00e1 relacionada \u00e0 perseveran\u00e7a e a dedica\u00e7\u00e3o. Mas para se chegar a esse tipo de relacionamento, a essa concep\u00e7\u00e3o elevada do amor, a...","og_url":"https:\/\/rosanabraga.com.br\/2017\/produto\/livro-faca-o-amor-valer-a-pena\/","og_site_name":"Rosana Braga","article_modified_time":"2016-09-09T21:57:10+00:00","og_image":[{"width":1000,"height":1000,"url":"https:\/\/rosanabraga.com.br\/2017\/wp-content\/uploads\/2015\/05\/Fac\u0327a-o-amor-valer-a-pena.png","type":"image\/png"}],"twitter_card":"summary_large_image","twitter_misc":{"Est. tempo de leitura":"1 minuto"},"schema":{"@context":"https:\/\/schema.org","@graph":[{"@type":"WebPage","@id":"https:\/\/rosanabraga.com.br\/2017\/produto\/livro-faca-o-amor-valer-a-pena\/","url":"https:\/\/rosanabraga.com.br\/2017\/produto\/livro-faca-o-amor-valer-a-pena\/","name":"Livro: Fa\u00e7a o amor valer a pena - Rosana Braga","isPartOf":{"@id":"https:\/\/rosanabraga.com.br\/2017\/#website"},"primaryImageOfPage":{"@id":"https:\/\/rosanabraga.com.br\/2017\/produto\/livro-faca-o-amor-valer-a-pena\/#primaryimage"},"image":{"@id":"https:\/\/rosanabraga.com.br\/2017\/produto\/livro-faca-o-amor-valer-a-pena\/#primaryimage"},"thumbnailUrl":"https:\/\/rosanabraga.com.br\/2017\/wp-content\/uploads\/2015\/05\/Fac\u0327a-o-amor-valer-a-pena.png","datePublished":"2015-05-17T10:14:33+00:00","dateModified":"2016-09-09T21:57:10+00:00","breadcrumb":{"@id":"https:\/\/rosanabraga.com.br\/2017\/produto\/livro-faca-o-amor-valer-a-pena\/#breadcrumb"},"inLanguage":"pt-BR","potentialAction":[{"@type":"ReadAction","target":["https:\/\/rosanabraga.com.br\/2017\/produto\/livro-faca-o-amor-valer-a-pena\/"]}]},{"@type":"ImageObject","inLanguage":"pt-BR","@id":"https:\/\/rosanabraga.com.br\/2017\/produto\/livro-faca-o-amor-valer-a-pena\/#primaryimage","url":"https:\/\/rosanabraga.com.br\/2017\/wp-content\/uploads\/2015\/05\/Fac\u0327a-o-amor-valer-a-pena.png","contentUrl":"https:\/\/rosanabraga.com.br\/2017\/wp-content\/uploads\/2015\/05\/Fac\u0327a-o-amor-valer-a-pena.png","width":1000,"height":1000},{"@type":"BreadcrumbList","@id":"https:\/\/rosanabraga.com.br\/2017\/produto\/livro-faca-o-amor-valer-a-pena\/#breadcrumb","itemListElement":[{"@type":"ListItem","position":1,"name":"In\u00edcio","item":"https:\/\/rosanabraga.com.br\/2017\/"},{"@type":"ListItem","position":2,"name":"Produtos","item":"http:\/\/rosanabraga.com.br\/2017\/shop\/"},{"@type":"ListItem","position":3,"name":"Livro: Fa\u00e7a o amor valer a pena"}]},{"@type":"WebSite","@id":"https:\/\/rosanabraga.com.br\/2017\/#website","url":"https:\/\/rosanabraga.com.br\/2017\/","name":"Rosana Braga","description":"Relacionamento e Autoestima","potentialAction":[{"@type":"SearchAction","target":{"@type":"EntryPoint","urlTemplate":"https:\/\/rosanabraga.com.br\/2017\/?s={search_term_string}"},"query-input":{"@type":"PropertyValueSpecification","valueRequired":true,"valueName":"search_term_string"}}],"inLanguage":"pt-BR"}]}},"_links":{"self":[{"href":"https:\/\/rosanabraga.com.br\/2017\/wp-json\/wp\/v2\/product\/385","targetHints":{"allow":["GET"]}}],"collection":[{"href":"https:\/\/rosanabraga.com.br\/2017\/wp-json\/wp\/v2\/product"}],"about":[{"href":"https:\/\/rosanabraga.com.br\/2017\/wp-json\/wp\/v2\/types\/product"}],"replies":[{"embeddable":true,"href":"https:\/\/rosanabraga.com.br\/2017\/wp-json\/wp\/v2\/comments?post=385"}],"wp:featuredmedia":[{"embeddable":true,"href":"https:\/\/rosanabraga.com.br\/2017\/wp-json\/wp\/v2\/media\/1287"}],"wp:attachment":[{"href":"https:\/\/rosanabraga.com.br\/2017\/wp-json\/wp\/v2\/media?parent=385"}],"wp:term":[{"taxonomy":"product_brand","embeddable":true,"href":"https:\/\/rosanabraga.com.br\/2017\/wp-json\/wp\/v2\/product_brand?post=385"},{"taxonomy":"product_cat","embeddable":true,"href":"https:\/\/rosanabraga.com.br\/2017\/wp-json\/wp\/v2\/product_cat?post=385"},{"taxonomy":"product_tag","embeddable":true,"href":"https:\/\/rosanabraga.com.br\/2017\/wp-json\/wp\/v2\/product_tag?post=385"}],"curies":[{"name":"wp","href":"https:\/\/api.w.org\/{rel}","templated":true}]}}