{"id":1183,"date":"2016-06-15T14:50:56","date_gmt":"2016-06-15T14:50:56","guid":{"rendered":"http:\/\/rosanabraga.com.br\/2017\/?post_type=product&#038;p=1183"},"modified":"2016-06-15T14:51:31","modified_gmt":"2016-06-15T14:51:31","slug":"dvd-viva-o-amor-que-voce-deseja","status":"publish","type":"product","link":"https:\/\/rosanabraga.com.br\/2017\/produto\/dvd-viva-o-amor-que-voce-deseja\/","title":{"rendered":"DVD: Viva o amor que voc\u00ea deseja"},"content":{"rendered":"<div class=\"\" data-block=\"true\" data-editor=\"6ueso\" data-offset-key=\"8tmrk-0-0\">\n<div class=\"_1mf _1mj\" data-offset-key=\"8tmrk-0-0\"><span data-offset-key=\"8tmrk-0-0\"><span data-text=\"true\">Dura\u00e7\u00e3o: 60 min.<\/span><\/span><\/div>\n<\/div>\n<div class=\"\" data-block=\"true\" data-editor=\"6ueso\" data-offset-key=\"7b0l6-0-0\">\n<div class=\"_1mf _1mj\" data-offset-key=\"7b0l6-0-0\"><span data-offset-key=\"7b0l6-0-0\"><span data-text=\"true\">Apresenta\u00e7\u00e3o e Conte\u00fado de Rosana Braga<\/span><\/span><\/div>\n<\/div>\n<div class=\"\" data-block=\"true\" data-editor=\"6ueso\" data-offset-key=\"40kfc-0-0\">\n<div class=\"_1mf _1mj\" data-offset-key=\"40kfc-0-0\"><span data-offset-key=\"40kfc-0-0\">\u00a0<\/span><\/div>\n<\/div>\n<div class=\"\" data-block=\"true\" data-editor=\"6ueso\" data-offset-key=\"3ajv5-0-0\">\n<div class=\"_1mf _1mj\" data-offset-key=\"3ajv5-0-0\"><span data-offset-key=\"3ajv5-0-0\"><span data-text=\"true\">Descri\u00e7\u00e3o<\/span><\/span><\/div>\n<\/div>\n<div class=\"\" data-block=\"true\" data-editor=\"6ueso\" data-offset-key=\"gapq-0-0\">\n<div class=\"_1mf _1mj\" data-offset-key=\"gapq-0-0\"><span data-offset-key=\"gapq-0-0\"><span data-text=\"true\">Perguntas e respostas para ajustar sua lente e viver um grande amor.<\/span><\/span><\/div>\n<\/div>\n<div class=\"\" data-block=\"true\" data-editor=\"6ueso\" data-offset-key=\"es999-0-0\">\n<div class=\"_1mf _1mj\" data-offset-key=\"es999-0-0\"><span data-offset-key=\"es999-0-0\"><span data-text=\"true\">Todo mundo deseja amar e ser amado. Mas, afinal, por que enfrentamos tantos conflitos na rela\u00e7\u00e3o a dois? Por que tantas pessoas t\u00eam medo de amar? Por que \u00e9 t\u00e3o dif\u00edcil encontrar o par ideal? Para a consultora em relacionamentos Rosana Braga, a resposta \u00e9 \u201cporque desaprendemos a agir com o cora\u00e7\u00e3o\u201d. Neste v\u00eddeo especial ela abre espa\u00e7o para uma conversa franca e responde quest\u00f5es que fazem parte da vida afetiva de qualquer um de n\u00f3s: ci\u00fames, trai\u00e7\u00e3o, separa\u00e7\u00e3o, rotina, etc. Deixe-se surpreender por suas id\u00e9ias irreverentes, conselhos valiosos e li\u00e7\u00f5es engrandecedoras e descubra por que a hist\u00f3ria de amor que mais vale a pena s\u00f3 depende de voc\u00ea.<\/span><\/span><\/div>\n<\/div>\n","protected":false},"excerpt":{"rendered":"<p>Dura\u00e7\u00e3o: 60 min. Apresenta\u00e7\u00e3o e Conte\u00fado de Rosana Braga \u00a0 Descri\u00e7\u00e3o Perguntas e respostas para ajustar sua lente e viver um grande amor. Todo mundo deseja amar e ser amado. Mas, afinal, por que enfrentamos tantos conflitos na rela\u00e7\u00e3o a dois? Por que tantas pessoas&#8230;<\/p>\n","protected":false},"featured_media":992,"comment_status":"open","ping_status":"closed","template":"","meta":{"_exactmetrics_skip_tracking":false,"_exactmetrics_sitenote_active":false,"_exactmetrics_sitenote_note":"","_exactmetrics_sitenote_category":0},"product_brand":[],"product_cat":[39],"product_tag":[],"class_list":{"0":"post-1183","1":"product","2":"type-product","3":"status-publish","4":"has-post-thumbnail","6":"product_cat-dvds-e-cds","8":"first","9":"instock","10":"shipping-taxable","11":"purchasable","12":"product-type-simple"},"yoast_head":"<!-- This site is optimized with the Yoast SEO plugin v24.2 - https:\/\/yoast.com\/wordpress\/plugins\/seo\/ -->\n<title>DVD: Viva o amor que voc\u00ea deseja - Rosana Braga<\/title>\n<meta name=\"robots\" content=\"index, follow, max-snippet:-1, max-image-preview:large, max-video-preview:-1\" \/>\n<link rel=\"canonical\" href=\"https:\/\/rosanabraga.com.br\/2017\/produto\/dvd-viva-o-amor-que-voce-deseja\/\" \/>\n<meta property=\"og:locale\" content=\"pt_BR\" \/>\n<meta property=\"og:type\" content=\"article\" \/>\n<meta property=\"og:title\" content=\"DVD: Viva o amor que voc\u00ea deseja - Rosana Braga\" \/>\n<meta property=\"og:description\" content=\"Dura\u00e7\u00e3o: 60 min. Apresenta\u00e7\u00e3o e Conte\u00fado de Rosana Braga \u00a0 Descri\u00e7\u00e3o Perguntas e respostas para ajustar sua lente e viver um grande amor. Todo mundo deseja amar e ser amado. Mas, afinal, por que enfrentamos tantos conflitos na rela\u00e7\u00e3o a dois? Por que tantas pessoas...\" \/>\n<meta property=\"og:url\" content=\"https:\/\/rosanabraga.com.br\/2017\/produto\/dvd-viva-o-amor-que-voce-deseja\/\" \/>\n<meta property=\"og:site_name\" content=\"Rosana Braga\" \/>\n<meta property=\"article:modified_time\" content=\"2016-06-15T14:51:31+00:00\" \/>\n<meta property=\"og:image\" content=\"https:\/\/rosanabraga.com.br\/2017\/wp-content\/uploads\/2016\/04\/Viva-o-amor-que-voce-deseja.png\" \/>\n\t<meta property=\"og:image:width\" content=\"1000\" \/>\n\t<meta property=\"og:image:height\" content=\"1000\" \/>\n\t<meta property=\"og:image:type\" content=\"image\/png\" \/>\n<meta name=\"twitter:card\" content=\"summary_large_image\" \/>\n<meta name=\"twitter:label1\" content=\"Est. tempo de leitura\" \/>\n\t<meta name=\"twitter:data1\" content=\"1 minuto\" \/>\n<script type=\"application\/ld+json\" class=\"yoast-schema-graph\">{\"@context\":\"https:\/\/schema.org\",\"@graph\":[{\"@type\":\"WebPage\",\"@id\":\"https:\/\/rosanabraga.com.br\/2017\/produto\/dvd-viva-o-amor-que-voce-deseja\/\",\"url\":\"https:\/\/rosanabraga.com.br\/2017\/produto\/dvd-viva-o-amor-que-voce-deseja\/\",\"name\":\"DVD: Viva o amor que voc\u00ea deseja - Rosana Braga\",\"isPartOf\":{\"@id\":\"https:\/\/rosanabraga.com.br\/2017\/#website\"},\"primaryImageOfPage\":{\"@id\":\"https:\/\/rosanabraga.com.br\/2017\/produto\/dvd-viva-o-amor-que-voce-deseja\/#primaryimage\"},\"image\":{\"@id\":\"https:\/\/rosanabraga.com.br\/2017\/produto\/dvd-viva-o-amor-que-voce-deseja\/#primaryimage\"},\"thumbnailUrl\":\"https:\/\/rosanabraga.com.br\/2017\/wp-content\/uploads\/2016\/04\/Viva-o-amor-que-voce-deseja.png\",\"datePublished\":\"2016-06-15T14:50:56+00:00\",\"dateModified\":\"2016-06-15T14:51:31+00:00\",\"breadcrumb\":{\"@id\":\"https:\/\/rosanabraga.com.br\/2017\/produto\/dvd-viva-o-amor-que-voce-deseja\/#breadcrumb\"},\"inLanguage\":\"pt-BR\",\"potentialAction\":[{\"@type\":\"ReadAction\",\"target\":[\"https:\/\/rosanabraga.com.br\/2017\/produto\/dvd-viva-o-amor-que-voce-deseja\/\"]}]},{\"@type\":\"ImageObject\",\"inLanguage\":\"pt-BR\",\"@id\":\"https:\/\/rosanabraga.com.br\/2017\/produto\/dvd-viva-o-amor-que-voce-deseja\/#primaryimage\",\"url\":\"https:\/\/rosanabraga.com.br\/2017\/wp-content\/uploads\/2016\/04\/Viva-o-amor-que-voce-deseja.png\",\"contentUrl\":\"https:\/\/rosanabraga.com.br\/2017\/wp-content\/uploads\/2016\/04\/Viva-o-amor-que-voce-deseja.png\",\"width\":1000,\"height\":1000},{\"@type\":\"BreadcrumbList\",\"@id\":\"https:\/\/rosanabraga.com.br\/2017\/produto\/dvd-viva-o-amor-que-voce-deseja\/#breadcrumb\",\"itemListElement\":[{\"@type\":\"ListItem\",\"position\":1,\"name\":\"In\u00edcio\",\"item\":\"https:\/\/rosanabraga.com.br\/2017\/\"},{\"@type\":\"ListItem\",\"position\":2,\"name\":\"Produtos\",\"item\":\"http:\/\/rosanabraga.com.br\/2017\/shop\/\"},{\"@type\":\"ListItem\",\"position\":3,\"name\":\"DVD: Viva o amor que voc\u00ea deseja\"}]},{\"@type\":\"WebSite\",\"@id\":\"https:\/\/rosanabraga.com.br\/2017\/#website\",\"url\":\"https:\/\/rosanabraga.com.br\/2017\/\",\"name\":\"Rosana Braga\",\"description\":\"Relacionamento e Autoestima\",\"potentialAction\":[{\"@type\":\"SearchAction\",\"target\":{\"@type\":\"EntryPoint\",\"urlTemplate\":\"https:\/\/rosanabraga.com.br\/2017\/?s={search_term_string}\"},\"query-input\":{\"@type\":\"PropertyValueSpecification\",\"valueRequired\":true,\"valueName\":\"search_term_string\"}}],\"inLanguage\":\"pt-BR\"}]}<\/script>\n<!-- \/ Yoast SEO plugin. -->","yoast_head_json":{"title":"DVD: Viva o amor que voc\u00ea deseja - Rosana Braga","robots":{"index":"index","follow":"follow","max-snippet":"max-snippet:-1","max-image-preview":"max-image-preview:large","max-video-preview":"max-video-preview:-1"},"canonical":"https:\/\/rosanabraga.com.br\/2017\/produto\/dvd-viva-o-amor-que-voce-deseja\/","og_locale":"pt_BR","og_type":"article","og_title":"DVD: Viva o amor que voc\u00ea deseja - Rosana Braga","og_description":"Dura\u00e7\u00e3o: 60 min. Apresenta\u00e7\u00e3o e Conte\u00fado de Rosana Braga \u00a0 Descri\u00e7\u00e3o Perguntas e respostas para ajustar sua lente e viver um grande amor. Todo mundo deseja amar e ser amado. Mas, afinal, por que enfrentamos tantos conflitos na rela\u00e7\u00e3o a dois? Por que tantas pessoas...","og_url":"https:\/\/rosanabraga.com.br\/2017\/produto\/dvd-viva-o-amor-que-voce-deseja\/","og_site_name":"Rosana Braga","article_modified_time":"2016-06-15T14:51:31+00:00","og_image":[{"width":1000,"height":1000,"url":"https:\/\/rosanabraga.com.br\/2017\/wp-content\/uploads\/2016\/04\/Viva-o-amor-que-voce-deseja.png","type":"image\/png"}],"twitter_card":"summary_large_image","twitter_misc":{"Est. tempo de leitura":"1 minuto"},"schema":{"@context":"https:\/\/schema.org","@graph":[{"@type":"WebPage","@id":"https:\/\/rosanabraga.com.br\/2017\/produto\/dvd-viva-o-amor-que-voce-deseja\/","url":"https:\/\/rosanabraga.com.br\/2017\/produto\/dvd-viva-o-amor-que-voce-deseja\/","name":"DVD: Viva o amor que voc\u00ea deseja - Rosana Braga","isPartOf":{"@id":"https:\/\/rosanabraga.com.br\/2017\/#website"},"primaryImageOfPage":{"@id":"https:\/\/rosanabraga.com.br\/2017\/produto\/dvd-viva-o-amor-que-voce-deseja\/#primaryimage"},"image":{"@id":"https:\/\/rosanabraga.com.br\/2017\/produto\/dvd-viva-o-amor-que-voce-deseja\/#primaryimage"},"thumbnailUrl":"https:\/\/rosanabraga.com.br\/2017\/wp-content\/uploads\/2016\/04\/Viva-o-amor-que-voce-deseja.png","datePublished":"2016-06-15T14:50:56+00:00","dateModified":"2016-06-15T14:51:31+00:00","breadcrumb":{"@id":"https:\/\/rosanabraga.com.br\/2017\/produto\/dvd-viva-o-amor-que-voce-deseja\/#breadcrumb"},"inLanguage":"pt-BR","potentialAction":[{"@type":"ReadAction","target":["https:\/\/rosanabraga.com.br\/2017\/produto\/dvd-viva-o-amor-que-voce-deseja\/"]}]},{"@type":"ImageObject","inLanguage":"pt-BR","@id":"https:\/\/rosanabraga.com.br\/2017\/produto\/dvd-viva-o-amor-que-voce-deseja\/#primaryimage","url":"https:\/\/rosanabraga.com.br\/2017\/wp-content\/uploads\/2016\/04\/Viva-o-amor-que-voce-deseja.png","contentUrl":"https:\/\/rosanabraga.com.br\/2017\/wp-content\/uploads\/2016\/04\/Viva-o-amor-que-voce-deseja.png","width":1000,"height":1000},{"@type":"BreadcrumbList","@id":"https:\/\/rosanabraga.com.br\/2017\/produto\/dvd-viva-o-amor-que-voce-deseja\/#breadcrumb","itemListElement":[{"@type":"ListItem","position":1,"name":"In\u00edcio","item":"https:\/\/rosanabraga.com.br\/2017\/"},{"@type":"ListItem","position":2,"name":"Produtos","item":"http:\/\/rosanabraga.com.br\/2017\/shop\/"},{"@type":"ListItem","position":3,"name":"DVD: Viva o amor que voc\u00ea deseja"}]},{"@type":"WebSite","@id":"https:\/\/rosanabraga.com.br\/2017\/#website","url":"https:\/\/rosanabraga.com.br\/2017\/","name":"Rosana Braga","description":"Relacionamento e Autoestima","potentialAction":[{"@type":"SearchAction","target":{"@type":"EntryPoint","urlTemplate":"https:\/\/rosanabraga.com.br\/2017\/?s={search_term_string}"},"query-input":{"@type":"PropertyValueSpecification","valueRequired":true,"valueName":"search_term_string"}}],"inLanguage":"pt-BR"}]}},"_links":{"self":[{"href":"https:\/\/rosanabraga.com.br\/2017\/wp-json\/wp\/v2\/product\/1183","targetHints":{"allow":["GET"]}}],"collection":[{"href":"https:\/\/rosanabraga.com.br\/2017\/wp-json\/wp\/v2\/product"}],"about":[{"href":"https:\/\/rosanabraga.com.br\/2017\/wp-json\/wp\/v2\/types\/product"}],"replies":[{"embeddable":true,"href":"https:\/\/rosanabraga.com.br\/2017\/wp-json\/wp\/v2\/comments?post=1183"}],"wp:featuredmedia":[{"embeddable":true,"href":"https:\/\/rosanabraga.com.br\/2017\/wp-json\/wp\/v2\/media\/992"}],"wp:attachment":[{"href":"https:\/\/rosanabraga.com.br\/2017\/wp-json\/wp\/v2\/media?parent=1183"}],"wp:term":[{"taxonomy":"product_brand","embeddable":true,"href":"https:\/\/rosanabraga.com.br\/2017\/wp-json\/wp\/v2\/product_brand?post=1183"},{"taxonomy":"product_cat","embeddable":true,"href":"https:\/\/rosanabraga.com.br\/2017\/wp-json\/wp\/v2\/product_cat?post=1183"},{"taxonomy":"product_tag","embeddable":true,"href":"https:\/\/rosanabraga.com.br\/2017\/wp-json\/wp\/v2\/product_tag?post=1183"}],"curies":[{"name":"wp","href":"https:\/\/api.w.org\/{rel}","templated":true}]}}