{"id":953,"date":"2016-04-08T14:32:57","date_gmt":"2016-04-08T14:32:57","guid":{"rendered":"http:\/\/rosanabraga.com.br\/2017\/?page_id=953"},"modified":"2017-03-29T02:22:46","modified_gmt":"2017-03-29T02:22:46","slug":"coach","status":"publish","type":"page","link":"https:\/\/rosanabraga.com.br\/2017\/coach\/","title":{"rendered":"Coach de Relacionamento e AutoEstima"},"content":{"rendered":"<div class=\"wpb-content-wrapper\"><p>[vc_row full_width=&#8221;stretch_row&#8221; css=&#8221;.vc_custom_1475851151705{margin-top: 0px !important;padding-top: 0px !important;padding-bottom: 30px !important;background-color: #ffffff !important;}&#8221;][vc_column][vc_row_inner][vc_column_inner][vc_custom_heading text=&#8221;ATENDIMENTO INDIVIDUAL ONLINE&#8221; font_container=&#8221;tag:h2|text_align:left|color:%23c71f36&#8243; google_fonts=&#8221;font_family:Montserrat%3Aregular%2C700|font_style:700%20bold%20regular%3A700%3Anormal&#8221;][vc_column_text]<\/p>\n<blockquote>\n<h4>&#8220;Se deseja aprender a amar, deve come\u00e7ar o processo de descobrir o que significa, que qualidades formam uma pessoa amorosa e como desenvolv\u00ea-las. Cada pessoa tem o potencial para o amor. Mas o potencial nunca \u00e9 percebido sem esfor\u00e7o. Isso n\u00e3o significa sofrimento. O amor, particularmente, \u00e9 aprendido melhor na alegria, na paz e no viver&#8221;.\u00a0<i>&#8211; Leo Buscaglia<\/i><\/h4>\n<\/blockquote>\n[\/vc_column_text][\/vc_column_inner][\/vc_row_inner][\/vc_column][\/vc_row][vc_row full_width=&#8221;stretch_row&#8221; css=&#8221;.vc_custom_1475851151705{margin-top: 0px !important;padding-top: 0px !important;padding-bottom: 30px !important;background-color: #ffffff !important;}&#8221;][vc_column][vc_row_inner][vc_column_inner width=&#8221;1\/2&#8243;][vc_column_text]<iframe loading=\"lazy\" src=\"https:\/\/www.youtube.com\/embed\/GOWtWkqN_Ag\" width=\"560\" height=\"315\" frameborder=\"0\" allowfullscreen=\"allowfullscreen\"><\/iframe>[\/vc_column_text][\/vc_column_inner][vc_column_inner width=&#8221;1\/2&#8243;][vc_column_text]Meu atendimento \u00e9 completamente focado em oferecer ferramentas, t\u00e9cnicas e exerc\u00edcios para\u00a0voc\u00ea aprender a lidar de uma maneira pr\u00e1tica e eficiente com sentimentos como ansiedade, medo\u00a0da solid\u00e3o, cren\u00e7as limitantes sobre si mesma e sobre relacionamento, trai\u00e7\u00e3o, separa\u00e7\u00e3o,\u00a0dificuldade de se relacionar e quaisquer outros temas afins!<\/p>\n<p>A ideia \u00e9 conduzir voc\u00ea ao reconhecimento de quem voc\u00ea \u00e9, o que realmente quer viver e como\u00a0pode alcan\u00e7ar felicidade, leveza e prazer nos seus relacionamentos. \u00c9, sobretudo, fazer o resgate\u00a0de sua autoestima e de sua no\u00e7\u00e3o sobre qual \u00e9 o seu lugar no mundo.[\/vc_column_text][\/vc_column_inner][\/vc_row_inner][\/vc_column][\/vc_row][vc_row full_width=&#8221;stretch_row&#8221; css=&#8221;.vc_custom_1475849983860{padding-top: 40px !important;padding-bottom: 30px !important;background-color: #c71f36 !important;}&#8221;][vc_column][vc_row_inner][vc_column_inner width=&#8221;1\/6&#8243;][vc_single_image image=&#8221;2087&#8243; alignment=&#8221;center&#8221;][\/vc_column_inner][vc_column_inner width=&#8221;5\/6&#8243;][vc_column_text]<span style=\"color: #ffffff;\"><strong>INVESTIMENTO<\/strong><\/span><\/p>\n<p><span style=\"color: #ffffff;\">Para sua maior comodidade agora voc\u00ea pode pagar sua sess\u00e3o via PagSeguro. Disponibilizei tr\u00eas op\u00e7\u00e3o de pagamento: por sess\u00e3o individual e pacote de 5 ou 10 sess\u00f5es com valor diferenciado, lembrando que atrav\u00e9s do PagSeguro voc\u00ea pode parcelar suas compras no cart\u00e3o ou pagar via boleto.<\/span>[\/vc_column_text][\/vc_column_inner][\/vc_row_inner][vc_row_inner][vc_column_inner width=&#8221;1\/3&#8243;][vc_column_text css=&#8221;.vc_custom_1490750379370{margin-bottom: 0px !important;padding-top: 5px !important;padding-bottom: 5px !important;background-color: #ffffff !important;}&#8221;]<\/p>\n<div style=\"text-align: center;\">\n<h3 style=\"text-align: center; margin-bottom: 10px;\">4\u00a0sess\u00f5es<br \/>\n<span style=\"color: #c71f36; font-weight: bold;\">R$\u00a0245<strong>.00<\/strong>\/sess\u00e3o<\/span><br \/>\n(R$ 980.00)<\/h3>\n<\/div>\n[\/vc_column_text][vc_raw_html css=&#8221;.vc_custom_1490750601204{background-color: #ffffff !important;}&#8221;]JTNDZGl2JTIwc3R5bGUlM0QlMjJ0ZXh0LWFsaWduJTNBY2VudGVyJTNCJTIwcGFkZGluZyUzQTVweCUzQiUyMiUzRSUwQSUzQyUyMS0tJTIwSU5JQ0lPJTIwRk9STVVMQVJJTyUyMEJPVEFPJTIwUEFHU0VHVVJPJTIwLS0lM0UlMEElMEElM0Nmb3JtJTIwYWN0aW9uJTNEJTIyaHR0cHMlM0ElMkYlMkZwYWdzZWd1cm8udW9sLmNvbS5iciUyRmNoZWNrb3V0JTJGdjIlMkZwYXltZW50Lmh0bWwlMjIlMjBtZXRob2QlM0QlMjJwb3N0JTIyJTNFJTNDJTIxLS0lMjBOJUMzJTgzTyUyMEVESVRFJTIwT1MlMjBDT01BTkRPUyUyMERBUyUyMExJTkhBUyUyMEFCQUlYTyUyMC0tJTNFJTBBJTNDaW5wdXQlMjBuYW1lJTNEJTIyY29kZSUyMiUyMHR5cGUlM0QlMjJoaWRkZW4lMjIlMjB2YWx1ZSUzRCUyMjIwMzAwMTU4NUE1QUE1RkRENEQwM0ZBNEExREI5OEU4JTIyJTIwJTJGJTNFJTBBJTNDaW5wdXQlMjBuYW1lJTNEJTIyaW90JTIyJTIwdHlwZSUzRCUyMmhpZGRlbiUyMiUyMHZhbHVlJTNEJTIyYnV0dG9uJTIyJTIwJTJGJTNFJTBBJTNDaW5wdXQlMjBhbHQlM0QlMjJQYWd1ZSUyMGNvbSUyMFBhZ1NlZ3VybyUyMC0lMjAlQzMlQTklMjByJUMzJUExcGlkbyUyQyUyMGdyJUMzJUExdGlzJTIwZSUyMHNlZ3VybyUyMSUyMiUyMG5hbWUlM0QlMjJzdWJtaXQlMjIlMjBzcmMlM0QlMjJodHRwcyUzQSUyRiUyRnN0Yy5wYWdzZWd1cm8udW9sLmNvbS5iciUyRnB1YmxpYyUyRmltZyUyRmJvdG9lcyUyRnBhZ2FtZW50b3MlMkY5OXg2MS1jb21wcmFyLWFzc2luYS5naWYlMjIlMjB0eXBlJTNEJTIyaW1hZ2UlMjIlMjAlMkYlM0UlM0MlMkZmb3JtJTNFJTNDJTIxLS0lMjBGSU5BTCUyMEZPUk1VTEFSSU8lMjBCT1RBTyUyMFBBR1NFR1VSTyUyMC0tJTNFJTBBJTNDJTJGZGl2JTNF[\/vc_raw_html][\/vc_column_inner][vc_column_inner width=&#8221;1\/3&#8243;][vc_column_text css=&#8221;.vc_custom_1490750389462{margin-bottom: 0px !important;padding-top: 5px !important;padding-bottom: 5px !important;background-color: #ffffff !important;}&#8221;]<\/p>\n<div style=\"text-align: center;\">\n<h3 style=\"text-align: center; margin-bottom: 10px;\">8\u00a0sess\u00f5es<br \/>\n<span style=\"color: #c71f36;\">R$ 232<strong>.50<\/strong>\/sess\u00e3o\u00a0<strong><br \/>\n<\/strong><\/span>(R$ 1860.00)<\/h3>\n<\/div>\n[\/vc_column_text][vc_raw_html css=&#8221;.vc_custom_1490754126897{margin-bottom: 0px !important;background-color: #ffffff !important;}&#8221;]JTNDZGl2JTIwc3R5bGUlM0QlMjJ0ZXh0LWFsaWduJTNBY2VudGVyJTNCJTIwcGFkZGluZyUzQTVweCUzQiUyMiUzRSUwQSUzQyUyMS0tJTIwSU5JQ0lPJTIwRk9STVVMQVJJTyUyMEJPVEFPJTIwUEFHU0VHVVJPJTIwLS0lM0UlMEElMEElM0Nmb3JtJTIwYWN0aW9uJTNEJTIyaHR0cHMlM0ElMkYlMkZwYWdzZWd1cm8udW9sLmNvbS5iciUyRmNoZWNrb3V0JTJGdjIlMkZwYXltZW50Lmh0bWwlMjIlMjBtZXRob2QlM0QlMjJwb3N0JTIyJTNFJTNDJTIxLS0lMjBOJUMzJTgzTyUyMEVESVRFJTIwT1MlMjBDT01BTkRPUyUyMERBUyUyMExJTkhBUyUyMEFCQUlYTyUyMC0tJTNFJTBBJTNDaW5wdXQlMjBuYW1lJTNEJTIyY29kZSUyMiUyMHR5cGUlM0QlMjJoaWRkZW4lMjIlMjB2YWx1ZSUzRCUyMjZFRjFDQjBDNkM2Q0NDQTY2NEQ2N0Y5MUIzMUI2Q0FGJTIyJTIwJTJGJTNFJTBBJTNDaW5wdXQlMjBuYW1lJTNEJTIyaW90JTIyJTIwdHlwZSUzRCUyMmhpZGRlbiUyMiUyMHZhbHVlJTNEJTIyYnV0dG9uJTIyJTIwJTJGJTNFJTBBJTNDaW5wdXQlMjBhbHQlM0QlMjJQYWd1ZSUyMGNvbSUyMFBhZ1NlZ3VybyUyMC0lMjAlQzMlQTklMjByJUMzJUExcGlkbyUyQyUyMGdyJUMzJUExdGlzJTIwZSUyMHNlZ3VybyUyMSUyMiUyMG5hbWUlM0QlMjJzdWJtaXQlMjIlMjBzcmMlM0QlMjJodHRwcyUzQSUyRiUyRnN0Yy5wYWdzZWd1cm8udW9sLmNvbS5iciUyRnB1YmxpYyUyRmltZyUyRmJvdG9lcyUyRnBhZ2FtZW50b3MlMkY5OXg2MS1jb21wcmFyLWxhcmFuamEtYXNzaW5hLmdpZiUyMiUyMHR5cGUlM0QlMjJpbWFnZSUyMiUyMCUyRiUzRSUzQyUyRmZvcm0lM0UlM0MlMjEtLSUyMEZJTkFMJTIwRk9STVVMQVJJTyUyMEJPVEFPJTIwUEFHU0VHVVJPJTIwLS0lM0UlMEElM0MlMkZkaXYlM0U=[\/vc_raw_html][vc_column_text css=&#8221;.vc_custom_1490754150280{padding-top: 5px !important;padding-right: 5px !important;padding-bottom: 5px !important;padding-left: 5px !important;background-color: #f58706 !important;}&#8221;]<\/p>\n<p style=\"text-align: center;\"><span style=\"color: #ffffff;\">inclui teste\/avalia\u00e7\u00e3o<\/span><br \/>\n<span style=\"color: #ffffff;\">&#8220;Quem \u00e9 voc\u00ea na sua hist\u00f3ria de amor?&#8221;<\/span><\/p>\n[\/vc_column_text][\/vc_column_inner][vc_column_inner width=&#8221;1\/3&#8243;][vc_column_text css=&#8221;.vc_custom_1490750399621{margin-bottom: 0px !important;padding-top: 5px !important;padding-bottom: 5px !important;background-color: #ffffff !important;}&#8221;]<\/p>\n<div style=\"text-align: center;\">\n<h3 style=\"text-align: center; margin-bottom: 10px;\">12 sess\u00f5es<br \/>\n<span style=\"color: #c71f36;\">R$\u00a0<strong>220<\/strong><strong>.00<\/strong>\/sess\u00e3o<\/span><strong><br \/>\n<\/strong>(R$ 2640.00)<\/h3>\n<\/div>\n[\/vc_column_text][vc_raw_html css=&#8221;.vc_custom_1490754136756{margin-bottom: 0px !important;background-color: #ffffff !important;}&#8221;]JTNDZGl2JTIwc3R5bGUlM0QlMjJ0ZXh0LWFsaWduJTNBY2VudGVyJTNCJTIwcGFkZGluZyUzQTVweCUzQiUyMiUzRSUwQSUzQyUyMS0tJTIwSU5JQ0lPJTIwRk9STVVMQVJJTyUyMEJPVEFPJTIwUEFHU0VHVVJPJTIwLS0lM0UlMEElMEElM0Nmb3JtJTIwYWN0aW9uJTNEJTIyaHR0cHMlM0ElMkYlMkZwYWdzZWd1cm8udW9sLmNvbS5iciUyRmNoZWNrb3V0JTJGdjIlMkZwYXltZW50Lmh0bWwlMjIlMjBtZXRob2QlM0QlMjJwb3N0JTIyJTNFJTNDJTIxLS0lMjBOJUMzJTgzTyUyMEVESVRFJTIwT1MlMjBDT01BTkRPUyUyMERBUyUyMExJTkhBUyUyMEFCQUlYTyUyMC0tJTNFJTBBJTNDaW5wdXQlMjBuYW1lJTNEJTIyY29kZSUyMiUyMHR5cGUlM0QlMjJoaWRkZW4lMjIlMjB2YWx1ZSUzRCUyMjdCNUU0QTY5MzMzMzUyRDExNDI0REZBRjcyQjlGRTNCJTIyJTIwJTJGJTNFJTBBJTNDaW5wdXQlMjBuYW1lJTNEJTIyaW90JTIyJTIwdHlwZSUzRCUyMmhpZGRlbiUyMiUyMHZhbHVlJTNEJTIyYnV0dG9uJTIyJTIwJTJGJTNFJTBBJTNDaW5wdXQlMjBhbHQlM0QlMjJQYWd1ZSUyMGNvbSUyMFBhZ1NlZ3VybyUyMC0lMjAlQzMlQTklMjByJUMzJUExcGlkbyUyQyUyMGdyJUMzJUExdGlzJTIwZSUyMHNlZ3VybyUyMSUyMiUyMG5hbWUlM0QlMjJzdWJtaXQlMjIlMjBzcmMlM0QlMjJodHRwcyUzQSUyRiUyRnN0Yy5wYWdzZWd1cm8udW9sLmNvbS5iciUyRnB1YmxpYyUyRmltZyUyRmJvdG9lcyUyRnBhZ2FtZW50b3MlMkY5OXg2MS1jb21wcmFyLXJveG8tYXNzaW5hLmdpZiUyMiUyMHR5cGUlM0QlMjJpbWFnZSUyMiUyMCUyRiUzRSUzQyUyRmZvcm0lM0UlM0MlMjEtLSUyMEZJTkFMJTIwRk9STVVMQVJJTyUyMEJPVEFPJTIwUEFHU0VHVVJPJTIwLS0lM0UlMEElM0MlMkZkaXYlM0U=[\/vc_raw_html][vc_column_text css=&#8221;.vc_custom_1490754161142{padding-top: 5px !important;padding-right: 5px !important;padding-bottom: 5px !important;padding-left: 5px !important;background-color: #8848ca !important;}&#8221;]<\/p>\n<p style=\"text-align: center;\"><span style=\"color: #ffffff;\">inclui teste\/avalia\u00e7\u00e3o &#8220;Quem \u00e9 voc\u00ea na sua hist\u00f3ria de amor?&#8221; + Livro Digital &#8220;7 atitudes para ter mais confian\u00e7a e libertar seu real poder de sedu\u00e7\u00e3o&#8221;<\/span><\/p>\n[\/vc_column_text][\/vc_column_inner][\/vc_row_inner][\/vc_column][\/vc_row][vc_row css=&#8221;.vc_custom_1475851406724{padding-top: 40px !important;padding-bottom: 30px !important;}&#8221;][vc_column][vc_row_inner][vc_column_inner width=&#8221;1\/2&#8243;][vc_column_text]<strong>COMO FUNCIONA<\/strong><\/p>\n<p>O atendimento \u00e9 online, via Skype ou celular. Para saber mais detalhes, como hor\u00e1rios\u00a0dispon\u00edveis e formas de pagamento, mande um email para rosana@rosanabraga.com.br com o\u00a0assunto: ATENDIMENTO ONLINE.<\/p>\n<p>As sess\u00f5es s\u00e3o, em princ\u00edpio, semanais, com dura\u00e7\u00e3o de 50 a 60 minutos cada.[\/vc_column_text][\/vc_column_inner][vc_column_inner width=&#8221;1\/2&#8243;]\n<div class=\"wpcf7 no-js\" id=\"wpcf7-f1179-o1\" lang=\"pt-BR\" dir=\"ltr\">\n<div class=\"screen-reader-response\"><p role=\"status\" aria-live=\"polite\" aria-atomic=\"true\"><\/p> <ul><\/ul><\/div>\n<form action=\"\/2017\/wp-json\/wp\/v2\/pages\/953#wpcf7-f1179-o1\" method=\"post\" class=\"wpcf7-form init\" aria-label=\"Formul\u00e1rios de contato\" novalidate=\"novalidate\" data-status=\"init\">\n<div style=\"display: none;\">\n<input type=\"hidden\" name=\"_wpcf7\" value=\"1179\" \/>\n<input type=\"hidden\" name=\"_wpcf7_version\" value=\"5.9.5\" \/>\n<input type=\"hidden\" name=\"_wpcf7_locale\" value=\"pt_BR\" \/>\n<input type=\"hidden\" name=\"_wpcf7_unit_tag\" value=\"wpcf7-f1179-o1\" \/>\n<input type=\"hidden\" name=\"_wpcf7_container_post\" value=\"0\" \/>\n<input type=\"hidden\" name=\"_wpcf7_posted_data_hash\" value=\"\" \/>\n<\/div>\n<p>Seu nome (obrigat\u00f3rio)\n<\/p>\n<p><span class=\"wpcf7-form-control-wrap\" data-name=\"infusionsoft-first-name\"><input size=\"40\" class=\"wpcf7-form-control wpcf7-text wpcf7-validates-as-required\" aria-required=\"true\" aria-invalid=\"false\" value=\"\" type=\"text\" name=\"infusionsoft-first-name\" \/><\/span>\n<\/p>\n<p>Seu e-mail (obrigat\u00f3rio)\n<\/p>\n<p><span class=\"wpcf7-form-control-wrap\" data-name=\"infusionsoft-email\"><input size=\"40\" class=\"wpcf7-form-control wpcf7-text wpcf7-validates-as-required\" aria-required=\"true\" aria-invalid=\"false\" value=\"\" type=\"text\" name=\"infusionsoft-email\" \/><\/span>\n<\/p>\n<p>Assunto\n<\/p>\n<p><span class=\"wpcf7-form-control-wrap\" data-name=\"your-subject\"><input size=\"40\" class=\"wpcf7-form-control wpcf7-text\" aria-invalid=\"false\" value=\"\" type=\"text\" name=\"your-subject\" \/><\/span>\n<\/p>\n<p>Sua mensagem\n<\/p>\n<p><span class=\"wpcf7-form-control-wrap\" data-name=\"your-message\"><textarea cols=\"40\" rows=\"10\" class=\"wpcf7-form-control wpcf7-textarea\" aria-invalid=\"false\" name=\"your-message\"><\/textarea><\/span>\n<\/p>\n<p><input class=\"wpcf7-form-control wpcf7-submit has-spinner\" type=\"submit\" value=\"Enviar\" \/>\n<\/p><div class=\"wpcf7-response-output\" aria-hidden=\"true\"><\/div>\n<\/form>\n<\/div>\n[\/vc_column_inner][\/vc_row_inner][\/vc_column][\/vc_row][vc_row][vc_column][vc_row_inner][vc_column_inner width=&#8221;1\/6&#8243;][\/vc_column_inner][vc_column_inner width=&#8221;2\/3&#8243;][vc_column_text]<\/p>\n<blockquote><p>&#8220;Amar outro ser humano \u00e9 talvez a tarefa mais dif\u00edcil que a n\u00f3s foi confiada, a tarefa definitiva, a prova e o teste finais; a obra para a qual todas as outras n\u00e3o passam de mera prepara\u00e7\u00e3o&#8221;.<\/p>\n<p><i>Rainer Maria Rilke<\/i><\/p><\/blockquote>\n[\/vc_column_text][\/vc_column_inner][vc_column_inner width=&#8221;1\/6&#8243;][\/vc_column_inner][\/vc_row_inner][\/vc_column][\/vc_row][vc_row][vc_column][vc_column_text]<\/p>\n[\/vc_column_text][\/vc_column][\/vc_row]<\/p>\n<\/div>","protected":false},"excerpt":{"rendered":"<p>[vc_row full_width=&#8221;stretch_row&#8221; css=&#8221;.vc_custom_1475851151705{margin-top: 0px !important;padding-top: 0px !important;padding-bottom: 30px !important;background-color: #ffffff !important;}&#8221;][vc_column][vc_row_inner][vc_column_inner][vc_custom_heading text=&#8221;ATENDIMENTO INDIVIDUAL ONLINE&#8221; font_container=&#8221;tag:h2|text_align:left|color:%23c71f36&#8243; google_fonts=&#8221;font_family:Montserrat%3Aregular%2C700|font_style:700%20bold%20regular%3A700%3Anormal&#8221;][vc_column_text] &#8220;Se deseja aprender a amar, deve come\u00e7ar o processo de descobrir o que significa, que qualidades formam uma pessoa amorosa e como desenvolv\u00ea-las. Cada pessoa tem o potencial para&#8230;<\/p>\n","protected":false},"author":1,"featured_media":0,"parent":0,"menu_order":0,"comment_status":"closed","ping_status":"closed","template":"","meta":{"_exactmetrics_skip_tracking":false,"_exactmetrics_sitenote_active":false,"_exactmetrics_sitenote_note":"","_exactmetrics_sitenote_category":0,"footnotes":""},"class_list":["post-953","page","type-page","status-publish","hentry"],"yoast_head":"<!-- This site is optimized with the Yoast SEO plugin v24.2 - https:\/\/yoast.com\/wordpress\/plugins\/seo\/ -->\n<title>Coach de Relacionamento e AutoEstima - Rosana Braga<\/title>\n<meta name=\"robots\" content=\"index, follow, max-snippet:-1, max-image-preview:large, max-video-preview:-1\" \/>\n<link rel=\"canonical\" href=\"https:\/\/rosanabraga.com.br\/2017\/coach\/\" \/>\n<meta property=\"og:locale\" content=\"pt_BR\" \/>\n<meta property=\"og:type\" content=\"article\" \/>\n<meta property=\"og:title\" content=\"Coach de Relacionamento e AutoEstima - Rosana Braga\" \/>\n<meta property=\"og:description\" content=\"[vc_row full_width=&#8221;stretch_row&#8221; css=&#8221;.vc_custom_1475851151705{margin-top: 0px !important;padding-top: 0px !important;padding-bottom: 30px !important;background-color: #ffffff !important;}&#8221;][vc_column][vc_row_inner][vc_column_inner][vc_custom_heading text=&#8221;ATENDIMENTO INDIVIDUAL ONLINE&#8221; font_container=&#8221;tag:h2|text_align:left|color:%23c71f36&#8243; google_fonts=&#8221;font_family:Montserrat%3Aregular%2C700|font_style:700%20bold%20regular%3A700%3Anormal&#8221;][vc_column_text] &#8220;Se deseja aprender a amar, deve come\u00e7ar o processo de descobrir o que significa, que qualidades formam uma pessoa amorosa e como desenvolv\u00ea-las. Cada pessoa tem o potencial para...\" \/>\n<meta property=\"og:url\" content=\"https:\/\/rosanabraga.com.br\/2017\/coach\/\" \/>\n<meta property=\"og:site_name\" content=\"Rosana Braga\" \/>\n<meta property=\"article:modified_time\" content=\"2017-03-29T02:22:46+00:00\" \/>\n<meta name=\"twitter:card\" content=\"summary_large_image\" \/>\n<meta name=\"twitter:label1\" content=\"Est. tempo de leitura\" \/>\n\t<meta name=\"twitter:data1\" content=\"6 minutos\" \/>\n<script type=\"application\/ld+json\" class=\"yoast-schema-graph\">{\"@context\":\"https:\/\/schema.org\",\"@graph\":[{\"@type\":\"WebPage\",\"@id\":\"https:\/\/rosanabraga.com.br\/2017\/coach\/\",\"url\":\"https:\/\/rosanabraga.com.br\/2017\/coach\/\",\"name\":\"Coach de Relacionamento e AutoEstima - Rosana Braga\",\"isPartOf\":{\"@id\":\"https:\/\/rosanabraga.com.br\/2017\/#website\"},\"datePublished\":\"2016-04-08T14:32:57+00:00\",\"dateModified\":\"2017-03-29T02:22:46+00:00\",\"breadcrumb\":{\"@id\":\"https:\/\/rosanabraga.com.br\/2017\/coach\/#breadcrumb\"},\"inLanguage\":\"pt-BR\",\"potentialAction\":[{\"@type\":\"ReadAction\",\"target\":[\"https:\/\/rosanabraga.com.br\/2017\/coach\/\"]}]},{\"@type\":\"BreadcrumbList\",\"@id\":\"https:\/\/rosanabraga.com.br\/2017\/coach\/#breadcrumb\",\"itemListElement\":[{\"@type\":\"ListItem\",\"position\":1,\"name\":\"In\u00edcio\",\"item\":\"https:\/\/rosanabraga.com.br\/2017\/\"},{\"@type\":\"ListItem\",\"position\":2,\"name\":\"Coach de Relacionamento e AutoEstima\"}]},{\"@type\":\"WebSite\",\"@id\":\"https:\/\/rosanabraga.com.br\/2017\/#website\",\"url\":\"https:\/\/rosanabraga.com.br\/2017\/\",\"name\":\"Rosana Braga\",\"description\":\"Relacionamento e Autoestima\",\"potentialAction\":[{\"@type\":\"SearchAction\",\"target\":{\"@type\":\"EntryPoint\",\"urlTemplate\":\"https:\/\/rosanabraga.com.br\/2017\/?s={search_term_string}\"},\"query-input\":{\"@type\":\"PropertyValueSpecification\",\"valueRequired\":true,\"valueName\":\"search_term_string\"}}],\"inLanguage\":\"pt-BR\"}]}<\/script>\n<!-- \/ Yoast SEO plugin. -->","yoast_head_json":{"title":"Coach de Relacionamento e AutoEstima - Rosana Braga","robots":{"index":"index","follow":"follow","max-snippet":"max-snippet:-1","max-image-preview":"max-image-preview:large","max-video-preview":"max-video-preview:-1"},"canonical":"https:\/\/rosanabraga.com.br\/2017\/coach\/","og_locale":"pt_BR","og_type":"article","og_title":"Coach de Relacionamento e AutoEstima - Rosana Braga","og_description":"[vc_row full_width=&#8221;stretch_row&#8221; css=&#8221;.vc_custom_1475851151705{margin-top: 0px !important;padding-top: 0px !important;padding-bottom: 30px !important;background-color: #ffffff !important;}&#8221;][vc_column][vc_row_inner][vc_column_inner][vc_custom_heading text=&#8221;ATENDIMENTO INDIVIDUAL ONLINE&#8221; font_container=&#8221;tag:h2|text_align:left|color:%23c71f36&#8243; google_fonts=&#8221;font_family:Montserrat%3Aregular%2C700|font_style:700%20bold%20regular%3A700%3Anormal&#8221;][vc_column_text] &#8220;Se deseja aprender a amar, deve come\u00e7ar o processo de descobrir o que significa, que qualidades formam uma pessoa amorosa e como desenvolv\u00ea-las. Cada pessoa tem o potencial para...","og_url":"https:\/\/rosanabraga.com.br\/2017\/coach\/","og_site_name":"Rosana Braga","article_modified_time":"2017-03-29T02:22:46+00:00","twitter_card":"summary_large_image","twitter_misc":{"Est. tempo de leitura":"6 minutos"},"schema":{"@context":"https:\/\/schema.org","@graph":[{"@type":"WebPage","@id":"https:\/\/rosanabraga.com.br\/2017\/coach\/","url":"https:\/\/rosanabraga.com.br\/2017\/coach\/","name":"Coach de Relacionamento e AutoEstima - Rosana Braga","isPartOf":{"@id":"https:\/\/rosanabraga.com.br\/2017\/#website"},"datePublished":"2016-04-08T14:32:57+00:00","dateModified":"2017-03-29T02:22:46+00:00","breadcrumb":{"@id":"https:\/\/rosanabraga.com.br\/2017\/coach\/#breadcrumb"},"inLanguage":"pt-BR","potentialAction":[{"@type":"ReadAction","target":["https:\/\/rosanabraga.com.br\/2017\/coach\/"]}]},{"@type":"BreadcrumbList","@id":"https:\/\/rosanabraga.com.br\/2017\/coach\/#breadcrumb","itemListElement":[{"@type":"ListItem","position":1,"name":"In\u00edcio","item":"https:\/\/rosanabraga.com.br\/2017\/"},{"@type":"ListItem","position":2,"name":"Coach de Relacionamento e AutoEstima"}]},{"@type":"WebSite","@id":"https:\/\/rosanabraga.com.br\/2017\/#website","url":"https:\/\/rosanabraga.com.br\/2017\/","name":"Rosana Braga","description":"Relacionamento e Autoestima","potentialAction":[{"@type":"SearchAction","target":{"@type":"EntryPoint","urlTemplate":"https:\/\/rosanabraga.com.br\/2017\/?s={search_term_string}"},"query-input":{"@type":"PropertyValueSpecification","valueRequired":true,"valueName":"search_term_string"}}],"inLanguage":"pt-BR"}]}},"_links":{"self":[{"href":"https:\/\/rosanabraga.com.br\/2017\/wp-json\/wp\/v2\/pages\/953","targetHints":{"allow":["GET"]}}],"collection":[{"href":"https:\/\/rosanabraga.com.br\/2017\/wp-json\/wp\/v2\/pages"}],"about":[{"href":"https:\/\/rosanabraga.com.br\/2017\/wp-json\/wp\/v2\/types\/page"}],"author":[{"embeddable":true,"href":"https:\/\/rosanabraga.com.br\/2017\/wp-json\/wp\/v2\/users\/1"}],"replies":[{"embeddable":true,"href":"https:\/\/rosanabraga.com.br\/2017\/wp-json\/wp\/v2\/comments?post=953"}],"version-history":[{"count":70,"href":"https:\/\/rosanabraga.com.br\/2017\/wp-json\/wp\/v2\/pages\/953\/revisions"}],"predecessor-version":[{"id":2159,"href":"https:\/\/rosanabraga.com.br\/2017\/wp-json\/wp\/v2\/pages\/953\/revisions\/2159"}],"wp:attachment":[{"href":"https:\/\/rosanabraga.com.br\/2017\/wp-json\/wp\/v2\/media?parent=953"}],"curies":[{"name":"wp","href":"https:\/\/api.w.org\/{rel}","templated":true}]}}