{"id":951,"date":"2016-04-08T14:32:35","date_gmt":"2016-04-08T14:32:35","guid":{"rendered":"http:\/\/rosanabraga.com.br\/2017\/?page_id=951"},"modified":"2017-10-17T07:28:59","modified_gmt":"2017-10-17T07:28:59","slug":"palestra","status":"publish","type":"page","link":"https:\/\/rosanabraga.com.br\/2017\/palestra\/","title":{"rendered":"Palestra"},"content":{"rendered":"<div class=\"wpb-content-wrapper\"><p>[vc_row row_type=&#8221;row&#8221; use_row_as_full_screen_section=&#8221;no&#8221; type=&#8221;full_width&#8221; text_align=&#8221;left&#8221; css_animation=&#8221;&#8221;][vc_column][vc_column_text]As palestras de Rosana Braga focam o Relacionamento e a Comunica\u00e7\u00e3o. O desenvolvimento destas habilidades tem garantido resultados mais criativos e efetivos, promovendo concilia\u00e7\u00e3o, sintonizando objetivos e despertando a gentileza no ambiente das empresas.<\/p>\n<p>Esses temas\u00a0podem transformar o comportamento da sua equipe![\/vc_column_text][\/vc_column][\/vc_row][vc_row row_type=&#8221;row&#8221; use_row_as_full_screen_section=&#8221;no&#8221; type=&#8221;full_width&#8221; text_align=&#8221;left&#8221; css_animation=&#8221;&#8221;][vc_column][vc_empty_space][\/vc_column][\/vc_row][vc_row row_type=&#8221;row&#8221; use_row_as_full_screen_section=&#8221;no&#8221; type=&#8221;full_width&#8221; text_align=&#8221;left&#8221; css_animation=&#8221;&#8221; gap=&#8221;15&#8243; equal_height=&#8221;yes&#8221; content_placement=&#8221;top&#8221; css=&#8221;.vc_custom_1456143366903{margin-top: 15px !important;}&#8221;][vc_column width=&#8221;1\/3&#8243; css=&#8221;.vc_custom_1449585660682{padding-right: 35px !important;padding-left: 35px !important;background-color: #efefef !important;background-position: center !important;background-repeat: no-repeat !important;background-size: cover !important;}&#8221;][vc_column_text]<\/p>\n<h3>Palestra: O SURPREENDENTE PODER DA GENTILEZA NO SUCESSO PESSOAL E PROFISSIONAL<\/h3>\n[\/vc_column_text][vc_column_text]<\/p>\n<div class=\"\" data-block=\"true\" data-editor=\"6ueso\" data-offset-key=\"bpncs-0-0\">\n<div class=\"_1mf _1mj\" data-offset-key=\"bpncs-0-0\"><img loading=\"lazy\" decoding=\"async\" class=\"size-medium wp-image-1228 aligncenter\" src=\"http:\/\/rosanabraga.com.br\/2017\/wp-content\/uploads\/2016\/04\/gentileza-300x202.png\" alt=\"gentileza\" width=\"300\" height=\"202\" srcset=\"https:\/\/rosanabraga.com.br\/2017\/wp-content\/uploads\/2016\/04\/gentileza-300x202.png 300w, https:\/\/rosanabraga.com.br\/2017\/wp-content\/uploads\/2016\/04\/gentileza.png 558w\" sizes=\"auto, (max-width: 300px) 100vw, 300px\" \/><\/div>\n<div class=\"_1mf _1mj\" data-offset-key=\"bpncs-0-0\"><em><span data-offset-key=\"bpncs-0-0\"><span data-text=\"true\">O modo como voc\u00ea trata as pessoas determina quem voc\u00ea \u00e9! <\/span><\/span><\/em><\/div>\n<\/div>\n<div class=\"\" data-block=\"true\" data-editor=\"6ueso\" data-offset-key=\"762lq-0-0\">\n<div class=\"_1mf _1mj\" data-offset-key=\"762lq-0-0\"><em><span data-offset-key=\"762lq-0-0\">\u00a0<\/span><\/em><\/div>\n<\/div>\n<div class=\"\" data-block=\"true\" data-editor=\"6ueso\" data-offset-key=\"8tajp-0-0\">\n<div class=\"_1mf _1mj\" data-offset-key=\"8tajp-0-0\"><span data-offset-key=\"8tajp-0-0\"><span data-text=\"true\">\u2022 Como e Por que a gentileza \u00e9 t\u00e3o poderosa (N\u00fameros comprovam os resultados)<\/span><\/span><\/div>\n<\/div>\n<div class=\"\" data-block=\"true\" data-editor=\"6ueso\" data-offset-key=\"ebghj-0-0\">\n<div class=\"_1mf _1mj\" data-offset-key=\"ebghj-0-0\"><span data-offset-key=\"ebghj-0-0\"><span data-text=\"true\">\u2022 Por que voc\u00ea deve se tornar uma pessoa e um profissional gentil?<\/span><\/span><\/div>\n<\/div>\n<div class=\"\" data-block=\"true\" data-editor=\"6ueso\" data-offset-key=\"54obk-0-0\">\n<div class=\"_1mf _1mj\" data-offset-key=\"54obk-0-0\"><span data-offset-key=\"54obk-0-0\"><span data-text=\"true\">\u2022 O que \u00c9 e o que N\u00c3O \u00c9 gentileza<\/span><\/span><\/div>\n<\/div>\n<div class=\"\" data-block=\"true\" data-editor=\"6ueso\" data-offset-key=\"7a5gi-0-0\">\n<div class=\"_1mf _1mj\" data-offset-key=\"7a5gi-0-0\"><span data-offset-key=\"7a5gi-0-0\"><span data-text=\"true\">\u2022 Preju\u00edzos acarretados pela falta de gentileza<\/span><\/span><\/div>\n<\/div>\n<div class=\"\" data-block=\"true\" data-editor=\"6ueso\" data-offset-key=\"em6qm-0-0\">\n<div class=\"_1mf _1mj\" data-offset-key=\"em6qm-0-0\"><span data-offset-key=\"em6qm-0-0\"><span data-text=\"true\">\u2022 O mercado est\u00e1 em busca de profissionais que constroem relacionamentos gentis e produtivos com sua equipe e seus clientes<\/span><\/span><\/div>\n<\/div>\n<div class=\"\" data-block=\"true\" data-editor=\"6ueso\" data-offset-key=\"8ugp6-0-0\">\n<div class=\"_1mf _1mj\" data-offset-key=\"8ugp6-0-0\"><span data-offset-key=\"8ugp6-0-0\"><span data-text=\"true\">\u2022 Os 3 n\u00edveis de Gentileza: Aceita\u00e7\u00e3o, Prazer e Entusiasmo<\/span><\/span><\/div>\n<\/div>\n<div class=\"\" data-block=\"true\" data-editor=\"6ueso\" data-offset-key=\"djqdv-0-0\">\n<div class=\"_1mf _1mj\" data-offset-key=\"djqdv-0-0\"><span data-offset-key=\"djqdv-0-0\"><span data-text=\"true\">\u2022 Velocidade, Inten\u00e7\u00e3o e Tempo de Resposta fazem a diferen\u00e7a<\/span><\/span><\/div>\n<\/div>\n<div class=\"\" data-block=\"true\" data-editor=\"6ueso\" data-offset-key=\"eo8qp-0-0\">\n<div class=\"_1mf _1mj\" data-offset-key=\"eo8qp-0-0\"><span data-offset-key=\"eo8qp-0-0\"><span data-text=\"true\">\u2022 10 a\u00e7\u00f5es gentis e preciosas para uma mudan\u00e7a eficaz e duradoura<\/span><\/span><\/div>\n<div class=\"_1mf _1mj\" data-offset-key=\"eo8qp-0-0\"><\/div>\n<\/div>\n<div class=\"\" data-block=\"true\" data-editor=\"6ueso\" data-offset-key=\"60r9j-0-0\">\n<div class=\"_1mf _1mj\" data-offset-key=\"60r9j-0-0\"><strong><span data-offset-key=\"60r9j-0-0\"><span data-text=\"true\">CASE: O PROFETA DA GENTILEZA<\/span><\/span><\/strong><\/div>\n<\/div>\n[\/vc_column_text][vc_empty_space]<a href=\"http:\/\/rosanabraga.com.br\/palestra-o-surpreendente-poder-da-gentileza-no-sucesso-pessoal-e-profissional\/\" target=\"_self\"  class=\"qbutton \" style=\"\">SAIBA MAIS<\/a>[vc_empty_space]<a href=\"http:\/\/rosanabraga.com.br\/formulario-palestras\/\" target=\"_self\"  class=\"qbutton \" style=\"\">CONTRATE AGORA<\/a>[vc_empty_space][\/vc_column][vc_column width=&#8221;1\/3&#8243; css=&#8221;.vc_custom_1456143219006{padding-right: 35px !important;padding-left: 35px !important;background-color: #efefef !important;background-position: center !important;background-repeat: no-repeat !important;background-size: cover !important;}&#8221;][vc_column_text]<\/p>\n<h3>Palestra: MULHER PLENA \u2013 INTERATIVA<\/h3>\n[\/vc_column_text][vc_column_text]<\/p>\n<div class=\"\" data-block=\"true\" data-editor=\"6ueso\" data-offset-key=\"8tmrk-0-0\">\n<div class=\"_1mf _1mj\" data-offset-key=\"8tmrk-0-0\"><img loading=\"lazy\" decoding=\"async\" class=\"size-medium wp-image-1230 aligncenter\" src=\"http:\/\/rosanabraga.com.br\/2017\/wp-content\/uploads\/2016\/04\/mulher-plena-300x202.png\" alt=\"mulher-plena\" width=\"300\" height=\"202\" srcset=\"https:\/\/rosanabraga.com.br\/2017\/wp-content\/uploads\/2016\/04\/mulher-plena-300x202.png 300w, https:\/\/rosanabraga.com.br\/2017\/wp-content\/uploads\/2016\/04\/mulher-plena.png 558w\" sizes=\"auto, (max-width: 300px) 100vw, 300px\" \/><\/div>\n<div class=\"_1mf _1mj\" data-offset-key=\"8tmrk-0-0\"><em><span data-offset-key=\"8tmrk-0-0\"><span data-text=\"true\">Um olhar integrado sobre os pap\u00e9is da mulher e sua ess\u00eancia.<\/span><\/span><\/em><\/div>\n<\/div>\n<div class=\"\" data-block=\"true\" data-editor=\"6ueso\" data-offset-key=\"762lq-0-0\">\n<div class=\"_1mf _1mj\" data-offset-key=\"762lq-0-0\"><em><span data-offset-key=\"762lq-0-0\">\u00a0<\/span><\/em><\/div>\n<\/div>\n<div class=\"\" data-block=\"true\" data-editor=\"6ueso\" data-offset-key=\"6t6o1-0-0\">\n<div class=\"_1mf _1mj\" data-offset-key=\"6t6o1-0-0\"><span data-offset-key=\"6t6o1-0-0\"><span data-text=\"true\">\u2022 Os pap\u00e9is da mulher em harmonia com sua ess\u00eancia<\/span><\/span><\/div>\n<\/div>\n<div class=\"\" data-block=\"true\" data-editor=\"6ueso\" data-offset-key=\"edjmj-0-0\">\n<div class=\"_1mf _1mj\" data-offset-key=\"edjmj-0-0\"><span data-offset-key=\"edjmj-0-0\"><span data-text=\"true\">\u2022 A mulher ao longo da hist\u00f3ria \u2013 desenvolvimento emociona!<\/span><\/span><\/div>\n<\/div>\n<div class=\"\" data-block=\"true\" data-editor=\"6ueso\" data-offset-key=\"d1u4q-0-0\">\n<div class=\"_1mf _1mj\" data-offset-key=\"d1u4q-0-0\"><span data-offset-key=\"d1u4q-0-0\"><span data-text=\"true\">\u2022 Analogia com a Mitologia Grega \u2013 As 6 deusas e a integra\u00e7\u00e3o do feminino<\/span><\/span><\/div>\n<\/div>\n<div class=\"\" data-block=\"true\" data-editor=\"6ueso\" data-offset-key=\"a4mmm-0-0\">\n<div class=\"_1mf _1mj\" data-offset-key=\"a4mmm-0-0\"><span data-offset-key=\"a4mmm-0-0\"><span data-text=\"true\">\u2022 Teste de Reconhecimento* (interativo) \u2013 Desperte as deusas que habitam em voc\u00ea!<\/span><\/span><\/div>\n<\/div>\n<div class=\"\" data-block=\"true\" data-editor=\"6ueso\" data-offset-key=\"3q0mb-0-0\">\n<div class=\"_1mf _1mj\" data-offset-key=\"3q0mb-0-0\"><span data-offset-key=\"3q0mb-0-0\"><span data-text=\"true\">\u2022 Avalia\u00e7\u00e3o pessoal e an\u00e1lise dos resultados*Esta palestra \u00e9 80% interativa. Ou seja, as participantes respondem a um teste, juntamente com Rosana Braga, e depois interpretam seus resultados e recebem dicas de como equilibrar seus pap\u00e9is.<\/span><\/span><\/div>\n<\/div>\n[\/vc_column_text][vc_empty_space]<a href=\"http:\/\/rosanabraga.com.br\/palestra-mulher-plena-interativa\/\" target=\"_self\"  class=\"qbutton \" style=\"\">SAIBA MAIS<\/a>[vc_empty_space]<a href=\"http:\/\/rosanabraga.com.br\/formulario-palestras\/\" target=\"_self\"  class=\"qbutton \" style=\"\">CONTRATE AGORA<\/a>[vc_empty_space][\/vc_column][vc_column width=&#8221;1\/3&#8243; css=&#8221;.vc_custom_1465914813568{padding-right: 35px !important;padding-left: 35px !important;background-color: #efefef !important;}&#8221;][vc_column_text]<\/p>\n<h3>Palestra: O PODER DA GENTILEZA NO ATENDIMENTO<\/h3>\n[\/vc_column_text][vc_column_text]<\/p>\n<div class=\"\" data-block=\"true\" data-editor=\"6ueso\" data-offset-key=\"8tmrk-0-0\">\n<div class=\"_1mf _1mj\" data-offset-key=\"8tmrk-0-0\"><em><span data-offset-key=\"8tmrk-0-0\"><span data-text=\"true\"><img loading=\"lazy\" decoding=\"async\" class=\"alignnone size-medium wp-image-1229\" src=\"http:\/\/rosanabraga.com.br\/2017\/wp-content\/uploads\/2016\/04\/gentileza-2-300x202.png\" alt=\"gentileza-2\" width=\"300\" height=\"202\" srcset=\"https:\/\/rosanabraga.com.br\/2017\/wp-content\/uploads\/2016\/04\/gentileza-2-300x202.png 300w, https:\/\/rosanabraga.com.br\/2017\/wp-content\/uploads\/2016\/04\/gentileza-2.png 558w\" sizes=\"auto, (max-width: 300px) 100vw, 300px\" \/><\/span><\/span><\/em><\/div>\n<div class=\"_1mf _1mj\" data-offset-key=\"8tmrk-0-0\"><em><span data-offset-key=\"8tmrk-0-0\"><span data-text=\"true\">Esta palestra pode ser contratada somente com Rosana Braga ou tamb\u00e9m em dupla com o palestrante Rodrigo Cardoso. <\/span><\/span><\/em><\/div>\n<\/div>\n<div class=\"\" data-block=\"true\" data-editor=\"6ueso\" data-offset-key=\"eul82-0-0\">\n<div class=\"_1mf _1mj\" data-offset-key=\"eul82-0-0\"><em><span data-offset-key=\"eul82-0-0\">\u00a0<\/span><\/em><\/div>\n<\/div>\n<div class=\"\" data-block=\"true\" data-editor=\"6ueso\" data-offset-key=\"2d6nu-0-0\">\n<div class=\"_1mf _1mj\" data-offset-key=\"2d6nu-0-0\"><span data-offset-key=\"2d6nu-0-0\"><span data-text=\"true\">\u2022 Como e por que a gentileza \u00e9 t\u00e3o poderosa no atendimento.<\/span><\/span><\/div>\n<\/div>\n<div class=\"\" data-block=\"true\" data-editor=\"6ueso\" data-offset-key=\"22uc9-0-0\">\n<div class=\"_1mf _1mj\" data-offset-key=\"22uc9-0-0\"><span data-offset-key=\"22uc9-0-0\"><span data-text=\"true\">\u2022 Por que voc\u00ea deve se tornar um profissional gentil.<\/span><\/span><\/div>\n<\/div>\n<div class=\"\" data-block=\"true\" data-editor=\"6ueso\" data-offset-key=\"dgf9t-0-0\">\n<div class=\"_1mf _1mj\" data-offset-key=\"dgf9t-0-0\"><span data-offset-key=\"dgf9t-0-0\"><span data-text=\"true\">\u2022 O que \u00e9 e o que n\u00e3o \u00e9 gentileza.<\/span><\/span><\/div>\n<\/div>\n<div class=\"\" data-block=\"true\" data-editor=\"6ueso\" data-offset-key=\"me0o-0-0\">\n<div class=\"_1mf _1mj\" data-offset-key=\"me0o-0-0\"><span data-offset-key=\"me0o-0-0\"><span data-text=\"true\">\u2022 Preju\u00edzos acarretados pela falta de gentileza no atendimento.<\/span><\/span><\/div>\n<\/div>\n<div class=\"\" data-block=\"true\" data-editor=\"6ueso\" data-offset-key=\"8e9vo-0-0\">\n<div class=\"_1mf _1mj\" data-offset-key=\"8e9vo-0-0\"><span data-offset-key=\"8e9vo-0-0\"><span data-text=\"true\">\u2022 O mercado est\u00e1 em busca de profissionais que constroem relacionamentos extraordin\u00e1rios com seus clientes e focados em resultados.<\/span><\/span><\/div>\n<\/div>\n<div class=\"\" data-block=\"true\" data-editor=\"6ueso\" data-offset-key=\"eshrd-0-0\">\n<div class=\"_1mf _1mj\" data-offset-key=\"eshrd-0-0\"><span data-offset-key=\"eshrd-0-0\"><span data-text=\"true\">\u2022 Os tr\u00eas n\u00edveis do atendimento gentil: aceita\u00e7\u00e3o, prazer e entusiasmo.<\/span><\/span><\/div>\n<\/div>\n<div class=\"\" data-block=\"true\" data-editor=\"6ueso\" data-offset-key=\"al3be-0-0\">\n<div class=\"_1mf _1mj\" data-offset-key=\"al3be-0-0\"><span data-offset-key=\"al3be-0-0\"><span data-text=\"true\">\u2022 Velocidade, inten\u00e7\u00e3o e tempo de resposta fazem a diferen\u00e7a.<\/span><\/span><\/div>\n<\/div>\n<div class=\"\" data-block=\"true\" data-editor=\"6ueso\" data-offset-key=\"3bhtr-0-0\">\n<div class=\"_1mf _1mj\" data-offset-key=\"3bhtr-0-0\"><span data-offset-key=\"3bhtr-0-0\"><span data-text=\"true\">\u2022 A\u00e7\u00f5es gentis consistentes, para uma mudan\u00e7a eficaz e duradoura.<\/span><\/span><\/div>\n<div class=\"_1mf _1mj\" data-offset-key=\"3bhtr-0-0\"><\/div>\n<\/div>\n<div class=\"\" data-block=\"true\" data-editor=\"6ueso\" data-offset-key=\"632oa-0-0\">\n<div class=\"_1mf _1mj\" data-offset-key=\"632oa-0-0\"><strong><span data-offset-key=\"632oa-0-0\"><span data-text=\"true\">CASE: PROFETA GENTILEZA.<\/span><\/span><\/strong><\/div>\n<\/div>\n[\/vc_column_text][vc_empty_space]<a href=\"http:\/\/rosanabraga.com.br\/palestra-o-poder-da-gentileza-no-atendimento\/\" target=\"_self\"  class=\"qbutton \" style=\"\">SAIBA MAIS<\/a>[vc_empty_space]<a href=\"http:\/\/rosanabraga.com.br\/formulario-palestras\/\" target=\"_self\"  class=\"qbutton \" style=\"\">CONTRATE AGORA<\/a>[vc_empty_space][\/vc_column][\/vc_row][vc_row row_type=&#8221;row&#8221; use_row_as_full_screen_section=&#8221;no&#8221; type=&#8221;full_width&#8221; text_align=&#8221;left&#8221; css_animation=&#8221;&#8221;][vc_column][vc_empty_space height=&#8221;50px&#8221;][\/vc_column][\/vc_row]<\/p>\n<\/div>","protected":false},"excerpt":{"rendered":"<p>[vc_row row_type=&#8221;row&#8221; use_row_as_full_screen_section=&#8221;no&#8221; type=&#8221;full_width&#8221; text_align=&#8221;left&#8221; css_animation=&#8221;&#8221;][vc_column][vc_column_text]As palestras de Rosana Braga focam o Relacionamento e a Comunica\u00e7\u00e3o. O desenvolvimento destas habilidades tem garantido resultados mais criativos e efetivos, promovendo concilia\u00e7\u00e3o, sintonizando objetivos e despertando a gentileza no ambiente das empresas. Esses temas\u00a0podem transformar o comportamento da&#8230;<\/p>\n","protected":false},"author":1,"featured_media":0,"parent":0,"menu_order":0,"comment_status":"closed","ping_status":"closed","template":"","meta":{"_exactmetrics_skip_tracking":false,"_exactmetrics_sitenote_active":false,"_exactmetrics_sitenote_note":"","_exactmetrics_sitenote_category":0,"footnotes":""},"class_list":["post-951","page","type-page","status-publish","hentry"],"yoast_head":"<!-- This site is optimized with the Yoast SEO plugin v24.2 - https:\/\/yoast.com\/wordpress\/plugins\/seo\/ -->\n<title>Palestra - Rosana Braga<\/title>\n<meta name=\"robots\" content=\"index, follow, max-snippet:-1, max-image-preview:large, max-video-preview:-1\" \/>\n<link rel=\"canonical\" href=\"https:\/\/rosanabraga.com.br\/2017\/palestra\/\" \/>\n<meta property=\"og:locale\" content=\"pt_BR\" \/>\n<meta property=\"og:type\" content=\"article\" \/>\n<meta property=\"og:title\" content=\"Palestra - Rosana Braga\" \/>\n<meta property=\"og:description\" content=\"[vc_row row_type=&#8221;row&#8221; use_row_as_full_screen_section=&#8221;no&#8221; type=&#8221;full_width&#8221; text_align=&#8221;left&#8221; css_animation=&#8221;&#8221;][vc_column][vc_column_text]As palestras de Rosana Braga focam o Relacionamento e a Comunica\u00e7\u00e3o. O desenvolvimento destas habilidades tem garantido resultados mais criativos e efetivos, promovendo concilia\u00e7\u00e3o, sintonizando objetivos e despertando a gentileza no ambiente das empresas. Esses temas\u00a0podem transformar o comportamento da...\" \/>\n<meta property=\"og:url\" content=\"https:\/\/rosanabraga.com.br\/2017\/palestra\/\" \/>\n<meta property=\"og:site_name\" content=\"Rosana Braga\" \/>\n<meta property=\"article:modified_time\" content=\"2017-10-17T07:28:59+00:00\" \/>\n<meta property=\"og:image\" content=\"http:\/\/rosanabraga.com.br\/2017\/wp-content\/uploads\/2016\/04\/gentileza-300x202.png\" \/>\n<meta name=\"twitter:card\" content=\"summary_large_image\" \/>\n<meta name=\"twitter:label1\" content=\"Est. tempo de leitura\" \/>\n\t<meta name=\"twitter:data1\" content=\"4 minutos\" \/>\n<script type=\"application\/ld+json\" class=\"yoast-schema-graph\">{\"@context\":\"https:\/\/schema.org\",\"@graph\":[{\"@type\":\"WebPage\",\"@id\":\"https:\/\/rosanabraga.com.br\/2017\/palestra\/\",\"url\":\"https:\/\/rosanabraga.com.br\/2017\/palestra\/\",\"name\":\"Palestra - Rosana Braga\",\"isPartOf\":{\"@id\":\"https:\/\/rosanabraga.com.br\/2017\/#website\"},\"primaryImageOfPage\":{\"@id\":\"https:\/\/rosanabraga.com.br\/2017\/palestra\/#primaryimage\"},\"image\":{\"@id\":\"https:\/\/rosanabraga.com.br\/2017\/palestra\/#primaryimage\"},\"thumbnailUrl\":\"http:\/\/rosanabraga.com.br\/2017\/wp-content\/uploads\/2016\/04\/gentileza-300x202.png\",\"datePublished\":\"2016-04-08T14:32:35+00:00\",\"dateModified\":\"2017-10-17T07:28:59+00:00\",\"breadcrumb\":{\"@id\":\"https:\/\/rosanabraga.com.br\/2017\/palestra\/#breadcrumb\"},\"inLanguage\":\"pt-BR\",\"potentialAction\":[{\"@type\":\"ReadAction\",\"target\":[\"https:\/\/rosanabraga.com.br\/2017\/palestra\/\"]}]},{\"@type\":\"ImageObject\",\"inLanguage\":\"pt-BR\",\"@id\":\"https:\/\/rosanabraga.com.br\/2017\/palestra\/#primaryimage\",\"url\":\"https:\/\/rosanabraga.com.br\/2017\/wp-content\/uploads\/2016\/04\/gentileza.png\",\"contentUrl\":\"https:\/\/rosanabraga.com.br\/2017\/wp-content\/uploads\/2016\/04\/gentileza.png\",\"width\":558,\"height\":376},{\"@type\":\"BreadcrumbList\",\"@id\":\"https:\/\/rosanabraga.com.br\/2017\/palestra\/#breadcrumb\",\"itemListElement\":[{\"@type\":\"ListItem\",\"position\":1,\"name\":\"In\u00edcio\",\"item\":\"https:\/\/rosanabraga.com.br\/2017\/\"},{\"@type\":\"ListItem\",\"position\":2,\"name\":\"Palestra\"}]},{\"@type\":\"WebSite\",\"@id\":\"https:\/\/rosanabraga.com.br\/2017\/#website\",\"url\":\"https:\/\/rosanabraga.com.br\/2017\/\",\"name\":\"Rosana Braga\",\"description\":\"Relacionamento e Autoestima\",\"potentialAction\":[{\"@type\":\"SearchAction\",\"target\":{\"@type\":\"EntryPoint\",\"urlTemplate\":\"https:\/\/rosanabraga.com.br\/2017\/?s={search_term_string}\"},\"query-input\":{\"@type\":\"PropertyValueSpecification\",\"valueRequired\":true,\"valueName\":\"search_term_string\"}}],\"inLanguage\":\"pt-BR\"}]}<\/script>\n<!-- \/ Yoast SEO plugin. -->","yoast_head_json":{"title":"Palestra - Rosana Braga","robots":{"index":"index","follow":"follow","max-snippet":"max-snippet:-1","max-image-preview":"max-image-preview:large","max-video-preview":"max-video-preview:-1"},"canonical":"https:\/\/rosanabraga.com.br\/2017\/palestra\/","og_locale":"pt_BR","og_type":"article","og_title":"Palestra - Rosana Braga","og_description":"[vc_row row_type=&#8221;row&#8221; use_row_as_full_screen_section=&#8221;no&#8221; type=&#8221;full_width&#8221; text_align=&#8221;left&#8221; css_animation=&#8221;&#8221;][vc_column][vc_column_text]As palestras de Rosana Braga focam o Relacionamento e a Comunica\u00e7\u00e3o. O desenvolvimento destas habilidades tem garantido resultados mais criativos e efetivos, promovendo concilia\u00e7\u00e3o, sintonizando objetivos e despertando a gentileza no ambiente das empresas. Esses temas\u00a0podem transformar o comportamento da...","og_url":"https:\/\/rosanabraga.com.br\/2017\/palestra\/","og_site_name":"Rosana Braga","article_modified_time":"2017-10-17T07:28:59+00:00","og_image":[{"url":"http:\/\/rosanabraga.com.br\/2017\/wp-content\/uploads\/2016\/04\/gentileza-300x202.png","type":"","width":"","height":""}],"twitter_card":"summary_large_image","twitter_misc":{"Est. tempo de leitura":"4 minutos"},"schema":{"@context":"https:\/\/schema.org","@graph":[{"@type":"WebPage","@id":"https:\/\/rosanabraga.com.br\/2017\/palestra\/","url":"https:\/\/rosanabraga.com.br\/2017\/palestra\/","name":"Palestra - Rosana Braga","isPartOf":{"@id":"https:\/\/rosanabraga.com.br\/2017\/#website"},"primaryImageOfPage":{"@id":"https:\/\/rosanabraga.com.br\/2017\/palestra\/#primaryimage"},"image":{"@id":"https:\/\/rosanabraga.com.br\/2017\/palestra\/#primaryimage"},"thumbnailUrl":"http:\/\/rosanabraga.com.br\/2017\/wp-content\/uploads\/2016\/04\/gentileza-300x202.png","datePublished":"2016-04-08T14:32:35+00:00","dateModified":"2017-10-17T07:28:59+00:00","breadcrumb":{"@id":"https:\/\/rosanabraga.com.br\/2017\/palestra\/#breadcrumb"},"inLanguage":"pt-BR","potentialAction":[{"@type":"ReadAction","target":["https:\/\/rosanabraga.com.br\/2017\/palestra\/"]}]},{"@type":"ImageObject","inLanguage":"pt-BR","@id":"https:\/\/rosanabraga.com.br\/2017\/palestra\/#primaryimage","url":"https:\/\/rosanabraga.com.br\/2017\/wp-content\/uploads\/2016\/04\/gentileza.png","contentUrl":"https:\/\/rosanabraga.com.br\/2017\/wp-content\/uploads\/2016\/04\/gentileza.png","width":558,"height":376},{"@type":"BreadcrumbList","@id":"https:\/\/rosanabraga.com.br\/2017\/palestra\/#breadcrumb","itemListElement":[{"@type":"ListItem","position":1,"name":"In\u00edcio","item":"https:\/\/rosanabraga.com.br\/2017\/"},{"@type":"ListItem","position":2,"name":"Palestra"}]},{"@type":"WebSite","@id":"https:\/\/rosanabraga.com.br\/2017\/#website","url":"https:\/\/rosanabraga.com.br\/2017\/","name":"Rosana Braga","description":"Relacionamento e Autoestima","potentialAction":[{"@type":"SearchAction","target":{"@type":"EntryPoint","urlTemplate":"https:\/\/rosanabraga.com.br\/2017\/?s={search_term_string}"},"query-input":{"@type":"PropertyValueSpecification","valueRequired":true,"valueName":"search_term_string"}}],"inLanguage":"pt-BR"}]}},"_links":{"self":[{"href":"https:\/\/rosanabraga.com.br\/2017\/wp-json\/wp\/v2\/pages\/951","targetHints":{"allow":["GET"]}}],"collection":[{"href":"https:\/\/rosanabraga.com.br\/2017\/wp-json\/wp\/v2\/pages"}],"about":[{"href":"https:\/\/rosanabraga.com.br\/2017\/wp-json\/wp\/v2\/types\/page"}],"author":[{"embeddable":true,"href":"https:\/\/rosanabraga.com.br\/2017\/wp-json\/wp\/v2\/users\/1"}],"replies":[{"embeddable":true,"href":"https:\/\/rosanabraga.com.br\/2017\/wp-json\/wp\/v2\/comments?post=951"}],"version-history":[{"count":54,"href":"https:\/\/rosanabraga.com.br\/2017\/wp-json\/wp\/v2\/pages\/951\/revisions"}],"predecessor-version":[{"id":2496,"href":"https:\/\/rosanabraga.com.br\/2017\/wp-json\/wp\/v2\/pages\/951\/revisions\/2496"}],"wp:attachment":[{"href":"https:\/\/rosanabraga.com.br\/2017\/wp-json\/wp\/v2\/media?parent=951"}],"curies":[{"name":"wp","href":"https:\/\/api.w.org\/{rel}","templated":true}]}}